{"id":25139,"date":"2018-05-02T17:03:29","date_gmt":"2018-05-02T15:03:29","guid":{"rendered":"http:\/\/eretoulouseouest.fr\/?page_id=25139"},"modified":"2020-12-04T18:43:41","modified_gmt":"2020-12-04T17:43:41","slug":"symbole-des-apotres","status":"publish","type":"page","link":"https:\/\/eretoulouseouest.fr\/?page_id=25139","title":{"rendered":"Que croyons-nous ?"},"content":{"rendered":"\n<figure class=\"wp-block-embed-youtube wp-block-embed is-type-video is-provider-youtube wp-embed-aspect-16-9 wp-has-aspect-ratio\"><div class=\"wp-block-embed__wrapper\">\n<iframe loading=\"lazy\" title=\"Que croyons-nous ?\" width=\"1200\" height=\"675\" src=\"https:\/\/www.youtube.com\/embed\/q4OTckJ_mK4?feature=oembed\" frameborder=\"0\" allow=\"accelerometer; autoplay; clipboard-write; encrypted-media; gyroscope; picture-in-picture\" allowfullscreen><\/iframe>\n<\/div><\/figure>\n\n\n\n<div class=\"wp-container-1 wp-block-group\"><div class=\"wp-block-group__inner-container\"><\/div><\/div>\n\n\n\n<!DOCTYPE html>\n<html>\n<head>\n<meta name=\"viewport\" content=\"width=device-width, initial-scale=1\">\n<style>\n.collapsible {\n  background-color: #A23E29;\n  color: white;\n  cursor: pointer;\n  padding: 18px;\n  width: 100%;\n  border: none;\n  text-align: left;\n  outline: none;\n  font-size: 15px;\n}\n\n.active, .collapsible:hover {\n  background-color: #DF5234;\n}\n\n.collapsible:after {\n  content: '\\002B';\n  color: white;\n  font-weight: bold;\n  float: right;\n  margin-left: 5px;\n}\n\n.active:after {\n  content: \"\\2212\";\n}\n\n.content {\n  padding: 0 18px;\n  max-height: 0;\n  overflow: hidden;\n  transition: max-height 0.2s ease-out;\n  background-color: #f1f1f1;\n}\n<\/style>\n<\/head>\n<body>\n\n<h2>Notre t\u00e9moignage<\/h2>\n<button class=\"collapsible\">Symbole des ap\u00f4tres<\/button>\n<div class=\"content\">\n  <p><b>Je crois en Dieu<\/b><br>\nle P\u00e8re tout-puissant,<br>\nCr\u00e9ateur du ciel et de la terre,<br><br>\n<b>Je crois en J\u00e9sus-Christ<\/b><br>\nson Fils unique, notre Seigneur,<br>\nqui a \u00e9t\u00e9 con\u00e7u du Saint-Esprit<br>\net qui est n\u00e9 de la Vierge Marie;<br>\nil a souffert sous Ponce Pilate,<br>\nil a \u00e9t\u00e9 crucifi\u00e9, il est mort,<br>\nil a \u00e9t\u00e9 enseveli,<br>\nil est descendu aux enfers;<br>\nle troisi\u00e8me jour, il est ressuscit\u00e9 des morts,<br>\nil est mont\u00e9 au ciel,<br>\nil est si\u00e8ge \u00e0 la droite de Dieu, le P\u00e8re tout-puissant;<br>\nil viendra de l\u00e0 pour juger les vivants et les morts.<br><br>\n<b>Je crois en l&rsquo;Esprit-Saint;<\/b><br>\nje crois la sainte \u00c9glise universelle,<br>\nla communion des saints, la r\u00e9mission des p\u00e9ch\u00e9s,<br>\nla r\u00e9surrection de la chair<br>\net la vie \u00e9ternelle.<br>\nAmen.<\/p>\n<\/div>\n<button class=\"collapsible\">Le don de dieu<\/button>\n<div class=\"content\">\n  <p><b>Qui est J\u00e9sus-Christ ?<\/b><br>\nLes chr\u00e9tiens confessent et t\u00e9moignent que J\u00e9sus-Christ est Dieu, venu parmi les hommes. Et plus encore : Dieu venu avec les hommes, ce qui se dit en h\u00e9breu \u00ab Emmanuel \u00bb, l\u2019autre nom de J\u00e9sus.<br>\nDieu avec les hommes signifie un Dieu solidaire des hommes. Pour cela, il s\u2019est fait homme. J\u00e9sus-Christ n\u2019est donc autre que Dieu lui-m\u00eame, tout autant qu\u2019il n\u2019est autre qu\u2019un homme, comme nous.\n<br>Ainsi, en J\u00e9sus-Christ, Dieu s\u2019est indissociablement uni \u00e0 l\u2019humanit\u00e9.\n<br><br>\n<b>Pourquoi a-t-il fait cela ?<\/b><br>\nAvant tout, par amour. Par amour pour les hommes, Dieu est venu en J\u00e9sus-Christ pour sauver les hommes. Pour nous sauver.<br>\nNous sauver de l\u2019orgueil qui nous a enlev\u00e9s \u00e0 son amour et \u00e0 sa volont\u00e9 ; qui nous a enlev\u00e9s \u00e0 la vie et pr\u00e9cipit\u00e9s dans la destruction et la mort.\n<br><br>\n<b>J\u00e9sus-Christ est le Dieu sauveur. Notre sauveur.<\/b><br>\nIl est notre sauveur parce qu\u2019il est venu avec nous pour se livrer \u00e0 nous. Se livrer \u00e0 notre orgueil, notre violence et notre mort. Pourquoi ? Pour les vaincre et nous en d\u00e9livrer.<br>\nJ\u00e9sus-Christ a \u00e9t\u00e9 crucifi\u00e9 par les hommes et il est ressuscit\u00e9 pour les hommes. Il est le Dieu pleinement solidaire des hommes et pleinement vainqueur pour eux. Pour nous.<br>\nDieu est venu, en J\u00e9sus-Christ, accomplir et offrir le salut pour tous ceux qui croient en lui. Pour tous ceux qui s\u2019en remettent, par la foi, \u00e0 sa solidarit\u00e9 envers eux et \u00e0 sa victoire pour eux. Pour tous ceux qui \u00e9coutent sa parole, parce qu\u2019ils y entendent la v\u00e9rit\u00e9, l\u2019amour de Dieu pour eux, et parce qu\u2019ils en re\u00e7oivent la vie.\n<br><br>\n<b>La vie enfin possible.<\/b>\n<br>\nCar J\u00e9sus-Christ est, avant tout, le Dieu qui nous parle. Il est la Parole de Dieu faite homme, pour nous dire l\u2019amour de Dieu et nous appeler, nous emmener dans l\u2019\u0153uvre \u00e9ternelle de son amour. Il est \u00e0 la fois notre Seigneur et, dit-il, notre ami ; notre Seigneur, car en lui seul est notre salut ; notre ami, car tout ce qu\u2019il est, il l\u2019est pour nous.\n<br>\nAujourd\u2019hui, pour tous les chr\u00e9tiens, J\u00e9sus-Christ est l\u2019Esprit-Saint, l\u2019amour de Dieu qui leur parle, intimement ; la parole qui les \u00e9claire, les encourage et les conduit, ensemble, \u00e0 t\u00e9moigner au monde le don de Dieu pour tous les hommes.<\/p><br>\n<\/div>\n<button class=\"collapsible\">L\u2019Evangile<\/button>\n<div class=\"content\">\n<blockquote>\n<h3>\u00c9vangile de Jean 3 : 17<\/h3>\n<br>\n\u00ab DIEU, EN EFFET, N\u2019A PAS ENVOY\u00c9 SON FILS DANS LE MONDE POUR QU\u2019IL JUGE LE MONDE, MAIS POUR QUE LE MONDE SOIT SAUV\u00c9 PAR LUI \u00bb\n<\/blockquote><br>\n\n  <p><h3>\u00c9vangile signifie : Bonne Nouvelle.<\/h3>\n<br>\n<b>Cette Bonne Nouvelle, c\u2019est la venue dans le monde de J\u00e9sus-Christ.<\/b>\n<br>\nL\u2019ange apparu aux bergers de Bethl\u00e9em leur dit : \u00ab Je vous annonce la bonne nouvelle d\u2019une grande joie pour tout le peuple : aujourd\u2019hui, il vous est n\u00e9 un sauveur, qui est le Christ, le Seigneur. \u00bb\n<br>\n<br>\n<b>J\u00e9sus-Christ, c\u2019est la bonne nouvelle de l\u2019enti\u00e8re solidarit\u00e9 de Dieu avec les hommes.<\/b>\n<br>\nPar sa venue, Dieu manifeste qu\u2019il ne veut pas \u00eatre au-dessus de nous, mais qu\u2019il veut \u00eatre avec nous. Et cela, parce qu\u2019il nous aime.\n<br><br>\n<b>L\u2019Evangile est la bonne nouvelle de l\u2019amour de Dieu pour nous.<\/b>\n<br>\nEt l\u2019amour de Dieu pour nous est d\u2019abord son pardon. Le pardon de notre p\u00e9ch\u00e9. Tent\u00e9s par l\u2019orgueil, les hommes se sont d\u00e9tourn\u00e9s de Dieu, de sa volont\u00e9, pour \u00eatre leurs propres ma\u00eetres. Ils se sont alors livr\u00e9s \u00e0 la rivalit\u00e9, la violence et la mort. Par amour, Dieu ne s\u2019arr\u00eate pas \u00e0 notre faute, mais il vient lui-m\u00eame nous chercher, nous appeler, pour nous ramener \u00e0 la vie.\n<br>\n<br>\n<b>L\u2019amour de Dieu pour nous, c\u2019est ensuite son combat contre notre mort, pour notre salut. J\u00e9sus-Christ s\u2019est offert en victime du p\u00e9ch\u00e9 et de la mort, afin de les vaincre pour nous.<\/b>\n<br>\n\u00ab En ceci, Dieu prouve son amour pour nous : lorsque nous \u00e9tions encore p\u00e9cheurs, Christ est mort pour nous. \u00bb\n<br><br>\n<b>La Bonne Nouvelle, c\u2019est que J\u00e9sus-Christ est vainqueur, qu\u2019il est ressuscit\u00e9, et qu\u2019il nous offre sa r\u00e9surrection.<\/b>\n<br>\n\u00ab Le salaire du p\u00e9ch\u00e9, c\u2019est la mort, mais le don de Dieu, c\u2019est la vie \u00e9ternelle en J\u00e9sus-Christ. \u00bb\n<br><br>\n<b>L\u2019Evangile, c\u2019est la Bonne Nouvelle de notre r\u00e9surrection, sans autre condition que la foi en J\u00e9sus-Christ.<\/b>\n<br>\n\u00ab Dieu a tant aim\u00e9 le monde, qu\u2019il a donn\u00e9 son Fils, afin que quiconque croit en lui ne meure pas, mais qu\u2019il ait la vie \u00e9ternelle. \u00bb\n<br><br>\n<b>L\u2019Evangile, ce n\u2019est pas ce que les hommes doivent faire pour plaire \u00e0 Dieu, mais c\u2019est ce que Dieu a fait pour sauver les hommes, en J\u00e9sus-Christ.<\/b>\n<br><br>\n<b><i>Luc 2.8-10 ; Jean 3.17 ; Romains 5.8, 6.23 ; Jean 3.16<\/b><\/i><\/p>\n<\/div>\n<button class=\"collapsible\">Symbole de Nic\u00e9e<\/button>\n<div class=\"content\">\n  <p>\n<br>\n<b>Nous croyons en un seul Dieu P\u00e8re tout-puissant,<\/b><br>\ncr\u00e9ateur du ciel et de la terre,<br>\nde toutes les choses visibles et invisibles.\n<br><br>\n<b>Et en un seul Seigneur J\u00e9sus-Christ<\/b>,<br>\nFils unique de Dieu,<br>\nn\u00e9 du P\u00e8re avant tous les si\u00e8cles,<br>\nlumi\u00e8re de lumi\u00e8re,<br>\nvrai Dieu de vrai Dieu ;<br>\nengendr\u00e9 et non fait,<br>\nconsubstantiel au P\u00e8re,<br>\npar qui tout a \u00e9t\u00e9 fait ;<br>\nqui pour nous hommes et pour notre salut<br>\nest descendu des cieux,<br>\ns\u2019est incarn\u00e9 par le Saint-Esprit, de la Vierge Marie<br>\net s\u2019est fait homme ;<br>\nqui en outre a \u00e9t\u00e9 crucifi\u00e9 pour nous sous Ponce-Pilate,<br>\na souffert, a \u00e9t\u00e9 enseveli<br>\net est ressuscit\u00e9 le troisi\u00e8me jour, selon les \u00c9critures ;<br>\nqui est mont\u00e9 aux cieux,<br>\nest assis \u00e0 la droite de Dieu le P\u00e8re,<br>\nd\u2019o\u00f9 il viendra avec gloire juger les vivants et les morts ;<br>\ndont le r\u00e8gne n\u2019aura pas de fin.\n<br><br>\n<b>Nous croyons au Saint-Esprit,<\/b><br>\nSeigneur et vivifiant,<br>\nqui proc\u00e8de du P\u00e8re,<br>\ndoit \u00eatre ador\u00e9 et glorifi\u00e9 avec le P\u00e8re et le Fils,<br>\nqui a parl\u00e9 par les saints proph\u00e8tes.\n<br><br>\n<b>Et l\u2019\u00c9glise,<\/b><br>\nune, sainte, <i>universelle<\/i> et apostolique.<br>\nNous confessons un seul bapt\u00eame pour la r\u00e9mission des p\u00e9ch\u00e9s.<br>\nNous attendons la r\u00e9surrection des morts et la vie du si\u00e8cle \u00e0 venir.<br>\n<br>\n<b<Amen.<\/b>\n<blockquote>\nLe symbole de Nic\u00e9e est une profession de foi chr\u00e9tienne qui en r\u00e9sume les points fondamentaux. Il fut promulgu\u00e9 lors du concile de Nic\u00e9e de 325 et compl\u00e9t\u00e9 lors du concile de Constantinople de 381 : de l\u00e0 l\u2019expression \u00ab symbole de Nic\u00e9e-Constantinople \u00bb qui sert parfois \u00e0 la d\u00e9signer.\n<br>\nL\u2019essentiel des affirmations du symbole de Nic\u00e9e est partag\u00e9 par les confessions chr\u00e9tiennes majoritaires, \u00e0 savoir le catholicisme, l\u2019orthodoxie et la plupart des \u00e9glises issues du protestantisme.\n<\/blockquote>\n  <\/p>\n<\/div>\n<button class=\"collapsible\">La confession de Martin Luther<\/button>\n<div class=\"content\">\n<blockquote>\nMartin Luther\u00a0n\u00e9 le\u00a010 novembre 1483\u00a0\u00e0\u00a0Eisleben, en\u00a0Thuringe\u00a0et mort le\u00a018 f\u00e9vrier 1546\u00a0dans la m\u00eame ville, est un fr\u00e8re\u00a0augustin\u00a0th\u00e9ologien, professeur d&rsquo;universit\u00e9, initiateur du\u00a0protestantisme\u00a0et r\u00e9formateur de l&rsquo;\u00c9glise dont les id\u00e9es exerc\u00e8rent une grande influence sur la\u00a0R\u00e9forme protestante.\n<\/blockquote>\n<p>\n<h3>D&rsquo;apr\u00e8s Martin Luther,<\/h3>\n<b>Je crois que Dieu m&rsquo;a cr\u00e9\u00e9 ainsi que toutes les autres cr\u00e9atures.<\/b><br>\nIl m&rsquo;a donn\u00e9 et me conserve mon corps avec ses membres,<br>\nmon esprit avec ses facult\u00e9s.<br>\nIl me donne chaque jour lib\u00e9ralement la nourriture,<br> le v\u00eatement, la demeure\net toutes les choses n\u00e9cessaires \u00e0 l&rsquo;entretien de cette vie.<br>\nIl me prot\u00e8ge dans tous les dangers, me pr\u00e9serve et me d\u00e9livre de tout mal ;<br>\ntout cela sans que j&rsquo;en sois digne, par sa pure bont\u00e9 et sa mis\u00e9ricorde paternelle.<br>\nC&rsquo;est ce que je crois fermement.<br><br>\n<b>Je crois que J\u00e9sus-Christ, vrai Dieu et vrai homme, est mon Seigneur.<\/b><br>\nIl m&rsquo;a rachet\u00e9, moi, perdu et condamn\u00e9,<br>\nen me d\u00e9livrant du p\u00e9ch\u00e9, de la mort et de la puissance du Malin<br>non point \u00e0 prix d&rsquo;or ou d&rsquo;argent, mais par son sang,<br>\npar ses souffrances et par sa mort innocente,<br>\nafin que je lui appartienne pour toujours et que je vive d&rsquo;une vie nouvelle<br>\ncomme lui-m\u00eame qui, ressuscit\u00e9 des morts, vit et r\u00e8gne \u00e9ternellement.<br>\nC&rsquo;est ce que je crois fermement.<br><br>\n<b>Je crois que le Saint-Esprit m&rsquo;appelle par l&rsquo;Evangile,<\/b><br>\nm&rsquo;\u00e9claire de ses dons et me sanctifie ;<br>\nqu&rsquo;il me maintient en l&rsquo;unit\u00e9 de la vraie foi,<br>\ndans l&rsquo;Eglise qu&rsquo;il assemble de jour en jour.<br>\nC&rsquo;est lui aussi qui me remet pleinement mes p\u00e9ch\u00e9s,<br>\nainsi qu&rsquo;\u00e0 tous les croyants.<br>\nC&rsquo;est lui qui, au dernier jour, me ressuscitera avec tous les morts<br>\net me donnera la vie \u00e9ternelle en J\u00e9sus-Christ.<br>\nC&rsquo;est ce que je crois fermement.<br><br>\n\n<b>Amen.<\/b>\n<\/p>\n<\/div>\n\n<script>\nvar coll = document.getElementsByClassName(\"collapsible\");\nvar i;\n\nfor (i = 0; i < coll.length; i++) {\n  coll[i].addEventListener(\"click\", function() {\n    this.classList.toggle(\"active\");\n    var content = this.nextElementSibling;\n    if (content.style.maxHeight){\n      content.style.maxHeight = null;\n    } else {\n      content.style.maxHeight = content.scrollHeight + \"px\";\n    } \n  });\n}\n<\/script>\n\n<\/body>\n<\/html>\n\n","protected":false},"excerpt":{"rendered":"<div class=\"entry-summary\">\nNotre t\u00e9moignage Symbole des ap\u00f4tres Je crois en Dieu le P\u00e8re tout-puissant, Cr\u00e9ateur du ciel et de la terre, Je crois en J\u00e9sus-Christ son Fils unique, notre Seigneur, qui a \u00e9t\u00e9 con\u00e7u du Saint-Esprit et qui est n\u00e9 de la&hellip;\n<\/div>\n<div class=\"link-more\"><a href=\"https:\/\/eretoulouseouest.fr\/?page_id=25139\" class=\"more-link\">Continue reading<span class=\"screen-reader-text\"> &ldquo;Que croyons-nous ?&rdquo;<\/span>&hellip;<\/a><\/div>\n","protected":false},"author":5,"featured_media":0,"parent":25122,"menu_order":1,"comment_status":"closed","ping_status":"closed","template":"","meta":[],"_links":{"self":[{"href":"https:\/\/eretoulouseouest.fr\/index.php?rest_route=\/wp\/v2\/pages\/25139"}],"collection":[{"href":"https:\/\/eretoulouseouest.fr\/index.php?rest_route=\/wp\/v2\/pages"}],"about":[{"href":"https:\/\/eretoulouseouest.fr\/index.php?rest_route=\/wp\/v2\/types\/page"}],"author":[{"embeddable":true,"href":"https:\/\/eretoulouseouest.fr\/index.php?rest_route=\/wp\/v2\/users\/5"}],"replies":[{"embeddable":true,"href":"https:\/\/eretoulouseouest.fr\/index.php?rest_route=%2Fwp%2Fv2%2Fcomments&post=25139"}],"version-history":[{"count":13,"href":"https:\/\/eretoulouseouest.fr\/index.php?rest_route=\/wp\/v2\/pages\/25139\/revisions"}],"predecessor-version":[{"id":26749,"href":"https:\/\/eretoulouseouest.fr\/index.php?rest_route=\/wp\/v2\/pages\/25139\/revisions\/26749"}],"up":[{"embeddable":true,"href":"https:\/\/eretoulouseouest.fr\/index.php?rest_route=\/wp\/v2\/pages\/25122"}],"wp:attachment":[{"href":"https:\/\/eretoulouseouest.fr\/index.php?rest_route=%2Fwp%2Fv2%2Fmedia&parent=25139"}],"curies":[{"name":"wp","href":"https:\/\/api.w.org\/{rel}","templated":true}]}}