{"id":25247,"date":"2019-02-19T01:30:02","date_gmt":"2019-02-19T00:30:02","guid":{"rendered":"http:\/\/eretoulouseouest.fr\/?page_id=25247"},"modified":"2025-02-21T09:42:59","modified_gmt":"2025-02-21T08:42:59","slug":"animateurs","status":"publish","type":"page","link":"https:\/\/eretoulouseouest.fr\/?page_id=25247","title":{"rendered":"Les Responsables"},"content":{"rendered":"\n<h2>Les Pasteurs<\/h2>\n\n\n\n<div class=\"wp-container-3 wp-block-columns\">\n<div class=\"wp-container-1 wp-block-column\"><div class=\"wp-block-image is-style-rounded\">\n<figure class=\"align-horizontal-wrap alignright size-large is-resized\"><img loading=\"lazy\" src=\"http:\/\/eretoulouseouest.fr\/wp-content\/uploads\/2020\/12\/Chris-edited.png\" alt=\"\" class=\"wp-image-26714\" width=\"236\" height=\"236\" srcset=\"https:\/\/eretoulouseouest.fr\/wp-content\/uploads\/2020\/12\/Chris-edited.png 437w, https:\/\/eretoulouseouest.fr\/wp-content\/uploads\/2020\/12\/Chris-edited-300x300.png 300w, https:\/\/eretoulouseouest.fr\/wp-content\/uploads\/2020\/12\/Chris-edited-150x150.png 150w\" sizes=\"(max-width: 236px) 100vw, 236px\" \/><figcaption><strong>Christopher BROCK<\/strong><br>Pasteur Associ\u00e9<br>Pr\u00e9sident<br><sup><sub>pasteur.christopherbrock@unepref.com<\/sub><\/sup><br><sub><em><sup>(absent pour cong\u00e9 missionnaire jusqu&rsquo;au 15 juin 2025)<\/sup><\/em><\/sub><\/figcaption><\/figure><\/div><\/div>\n\n\n\n<div class=\"wp-container-2 wp-block-column\"><div class=\"wp-block-image is-style-rounded\">\n<figure class=\"align-horizontal-wrap alignleft size-large is-resized\"><img loading=\"lazy\" src=\"http:\/\/eretoulouseouest.fr\/wp-content\/uploads\/2020\/12\/Pierre-1-edited.png\" alt=\"\" class=\"wp-image-26717\" width=\"238\" height=\"237\" srcset=\"https:\/\/eretoulouseouest.fr\/wp-content\/uploads\/2020\/12\/Pierre-1-edited.png 390w, https:\/\/eretoulouseouest.fr\/wp-content\/uploads\/2020\/12\/Pierre-1-edited-300x300.png 300w, https:\/\/eretoulouseouest.fr\/wp-content\/uploads\/2020\/12\/Pierre-1-edited-150x150.png 150w\" sizes=\"(max-width: 238px) 100vw, 238px\" \/><figcaption><strong>Pierre MITCHELL<\/strong><br>Pasteur Associ\u00e9<br><em>membre du conseil<\/em><br>06.18.35.03.80 <sup><sub>PASTEUR.PIERREMITCHELL@unepref.com<\/sub><\/sup><\/figcaption><\/figure><\/div><\/div>\n<\/div>\n\n\n\n<h2>Le Conseil de l&rsquo;Eglise (Association 1905)<\/h2>\n\n\n\n<div class=\"wp-container-7 wp-block-columns\">\n<div class=\"wp-container-4 wp-block-column\"><div class=\"wp-block-image is-style-rounded\">\n<figure class=\"aligncenter size-full is-resized\"><img loading=\"lazy\" src=\"http:\/\/eretoulouseouest.fr\/wp-content\/uploads\/2024\/07\/Screen-Shot-2024-07-15-at-15.54.33.png\" alt=\"\" class=\"wp-image-26968\" width=\"172\" height=\"168\"\/><figcaption><strong>BEAUDOUIN TAMEN<\/strong><br>Tr\u00e9sorier<\/figcaption><\/figure><\/div><\/div>\n\n\n\n<div class=\"wp-container-5 wp-block-column\"><div class=\"wp-block-image is-style-rounded\">\n<figure class=\"aligncenter size-large is-resized\"><img loading=\"lazy\" src=\"http:\/\/eretoulouseouest.fr\/wp-content\/uploads\/2020\/12\/James-e1562333260308-edited.jpg\" alt=\"\" class=\"wp-image-26731\" width=\"157\" height=\"157\" srcset=\"https:\/\/eretoulouseouest.fr\/wp-content\/uploads\/2020\/12\/James-e1562333260308-edited.jpg 700w, https:\/\/eretoulouseouest.fr\/wp-content\/uploads\/2020\/12\/James-e1562333260308-edited-300x300.jpg 300w, https:\/\/eretoulouseouest.fr\/wp-content\/uploads\/2020\/12\/James-e1562333260308-edited-150x150.jpg 150w\" sizes=\"(max-width: 157px) 100vw, 157px\" \/><figcaption><strong>James Gildard<\/strong><em><br>membre du conseil<\/em><\/figcaption><\/figure><\/div><\/div>\n\n\n\n<div class=\"wp-container-6 wp-block-column\"><div class=\"wp-block-image is-style-rounded\">\n<figure class=\"aligncenter size-full is-resized\"><img loading=\"lazy\" src=\"http:\/\/eretoulouseouest.fr\/wp-content\/uploads\/2024\/07\/Screen-Shot-2024-07-18-at-13.53.53.png\" alt=\"\" class=\"wp-image-26988\" width=\"155\" height=\"172\"\/><figcaption><strong>Jean-Claude Walrawens<\/strong><br><em>Membre du conseil<\/em><\/figcaption><\/figure><\/div><\/div>\n<\/div>\n\n\n\n<h2>Le Conseil Diaconal (Association 1901)<\/h2>\n\n\n\n<div class=\"wp-container-11 wp-block-columns\">\n<div class=\"wp-container-8 wp-block-column\"><div class=\"wp-block-image is-style-rounded\">\n<figure class=\"aligncenter size-full is-resized\"><img loading=\"lazy\" src=\"http:\/\/eretoulouseouest.fr\/wp-content\/uploads\/2024\/07\/Screen-Shot-2024-07-15-at-16.08.33.png\" alt=\"\" class=\"wp-image-26971\" width=\"145\" height=\"162\" srcset=\"https:\/\/eretoulouseouest.fr\/wp-content\/uploads\/2024\/07\/Screen-Shot-2024-07-15-at-16.08.33.png 578w, https:\/\/eretoulouseouest.fr\/wp-content\/uploads\/2024\/07\/Screen-Shot-2024-07-15-at-16.08.33-267x300.png 267w\" sizes=\"(max-width: 145px) 100vw, 145px\" \/><figcaption><strong>Mathilde TAMEN<\/strong><br>PR\u00c9sidente<\/figcaption><\/figure><\/div>\n\n\n<p><\/p>\n\n\n<div class=\"wp-block-image is-style-rounded\">\n<figure class=\"aligncenter size-full is-resized\"><img loading=\"lazy\" src=\"https:\/\/eretoulouseouest.fr\/wp-content\/uploads\/2024\/11\/IMG_0113.jpeg\" alt=\"\" class=\"wp-image-27006\" width=\"134\" height=\"212\" srcset=\"https:\/\/eretoulouseouest.fr\/wp-content\/uploads\/2024\/11\/IMG_0113.jpeg 202w, https:\/\/eretoulouseouest.fr\/wp-content\/uploads\/2024\/11\/IMG_0113-189x300.jpeg 189w\" sizes=\"(max-width: 134px) 100vw, 134px\" \/><figcaption><strong>Jeanne<\/strong> <strong>BatELLER<\/strong><br>sECR\u00c9TAIRE<\/figcaption><\/figure><\/div>\n\n\n<p><\/p>\n<\/div>\n\n\n\n<div class=\"wp-container-9 wp-block-column\"><div class=\"wp-block-image is-style-rounded\">\n<figure class=\"aligncenter size-large is-resized\"><img loading=\"lazy\" src=\"http:\/\/eretoulouseouest.fr\/wp-content\/uploads\/2020\/12\/GildardJamie32l-edited-1.jpg\" alt=\"\" class=\"wp-image-26755\" width=\"158\" height=\"157\" srcset=\"https:\/\/eretoulouseouest.fr\/wp-content\/uploads\/2020\/12\/GildardJamie32l-edited-1.jpg 617w, https:\/\/eretoulouseouest.fr\/wp-content\/uploads\/2020\/12\/GildardJamie32l-edited-1-300x300.jpg 300w, https:\/\/eretoulouseouest.fr\/wp-content\/uploads\/2020\/12\/GildardJamie32l-edited-1-150x150.jpg 150w\" sizes=\"(max-width: 158px) 100vw, 158px\" \/><figcaption><strong>JACKI GILDARD<\/strong><br>viCE-PR\u00c9SIDENTE<\/figcaption><\/figure><\/div>\n\n\n<p><\/p>\n<\/div>\n\n\n\n<div class=\"wp-container-10 wp-block-column\"><div class=\"wp-block-image is-style-rounded\">\n<figure class=\"aligncenter size-full is-resized\"><img loading=\"lazy\" src=\"http:\/\/eretoulouseouest.fr\/wp-content\/uploads\/2024\/07\/Screen-Shot-2024-07-15-at-16.20.02.png\" alt=\"\" class=\"wp-image-26973\" width=\"128\" height=\"125\" srcset=\"https:\/\/eretoulouseouest.fr\/wp-content\/uploads\/2024\/07\/Screen-Shot-2024-07-15-at-16.20.02.png 444w, https:\/\/eretoulouseouest.fr\/wp-content\/uploads\/2024\/07\/Screen-Shot-2024-07-15-at-16.20.02-300x295.png 300w\" sizes=\"(max-width: 128px) 100vw, 128px\" \/><figcaption>EN RECHERCHE D&rsquo;UN NOUVEAU <br>Tr\u00c9SORIER<\/figcaption><\/figure><\/div>\n\n\n<p><\/p>\n<\/div>\n<\/div>\n\n\n\n<h3>Romains 12:4-5<\/h3>\n\n\n\n<blockquote class=\"wp-block-quote\"><p>\u00ab\u00a0CAR, COMME NOUS AVONS PLUSIEURS MEMBRES DANS UN SEUL CORPS, ET QUE TOUS LES MEMBRES N&rsquo;ONT PAS LA M\u00caME FONCTION, AINSI, NOUS QUI SOMMES PLUSIEURS, NOUS FORMONS UN SEUL CORPS EN CHRIST, ET NOUS SOMMES TOUS MEMBRES LES UNS DES AUTRES\u00a0\u00bb<\/p><\/blockquote>\n\n\n\n<hr class=\"wp-block-separator has-css-opacity\"\/>\n\n\n<p><img loading=\"lazy\" class=\"wp-image-26040 alignright\" src=\"http:\/\/eretoulouseouest.fr\/wp-content\/uploads\/2019\/07\/t\u00e9l\u00e9chargement-300x143.jpg\" alt=\"\" width=\"163\" height=\"78\" srcset=\"https:\/\/eretoulouseouest.fr\/wp-content\/uploads\/2019\/07\/t\u00e9l\u00e9chargement-300x143.jpg 300w, https:\/\/eretoulouseouest.fr\/wp-content\/uploads\/2019\/07\/t\u00e9l\u00e9chargement.jpg 325w\" sizes=\"(max-width: 163px) 100vw, 163px\" \/><\/p>\n<p style=\"text-align: left;\"><b>L&rsquo;animation de notre \u00e9glise de Tournefeuille, association cultuelle, membre de la f\u00e9d\u00e9ration&nbsp;protestante de France, repose sur le collectif compos\u00e9 des \u00e9quipes pastorales, administratives et de toutes les personnes qui s&rsquo;investissent par leur comp\u00e9tence, convivialit\u00e9, engagement au service de la communaut\u00e9.<\/b><\/p>\n<p style=\"text-align: left;\"><strong>Chaque contribution a son importance dans un esprit d&rsquo;\u00e9coute, de soutien mutuel et de libre participation.<\/strong><\/p>\n\n\n<h2><\/h2>\n","protected":false},"excerpt":{"rendered":"<div class=\"entry-summary\">\nLes Pasteurs Le Conseil de l&rsquo;Eglise (Association 1905) Le Conseil Diaconal (Association 1901) Romains 12:4-5 \u00ab\u00a0CAR, COMME NOUS AVONS PLUSIEURS MEMBRES DANS UN SEUL CORPS, ET QUE TOUS LES MEMBRES N&rsquo;ONT PAS LA M\u00caME FONCTION, AINSI, NOUS QUI SOMMES PLUSIEURS,&hellip;\n<\/div>\n<div class=\"link-more\"><a href=\"https:\/\/eretoulouseouest.fr\/?page_id=25247\" class=\"more-link\">Continue reading<span class=\"screen-reader-text\"> &ldquo;Les Responsables&rdquo;<\/span>&hellip;<\/a><\/div>\n","protected":false},"author":2,"featured_media":0,"parent":25122,"menu_order":2,"comment_status":"closed","ping_status":"closed","template":"","meta":[],"_links":{"self":[{"href":"https:\/\/eretoulouseouest.fr\/index.php?rest_route=\/wp\/v2\/pages\/25247"}],"collection":[{"href":"https:\/\/eretoulouseouest.fr\/index.php?rest_route=\/wp\/v2\/pages"}],"about":[{"href":"https:\/\/eretoulouseouest.fr\/index.php?rest_route=\/wp\/v2\/types\/page"}],"author":[{"embeddable":true,"href":"https:\/\/eretoulouseouest.fr\/index.php?rest_route=\/wp\/v2\/users\/2"}],"replies":[{"embeddable":true,"href":"https:\/\/eretoulouseouest.fr\/index.php?rest_route=%2Fwp%2Fv2%2Fcomments&post=25247"}],"version-history":[{"count":94,"href":"https:\/\/eretoulouseouest.fr\/index.php?rest_route=\/wp\/v2\/pages\/25247\/revisions"}],"predecessor-version":[{"id":27067,"href":"https:\/\/eretoulouseouest.fr\/index.php?rest_route=\/wp\/v2\/pages\/25247\/revisions\/27067"}],"up":[{"embeddable":true,"href":"https:\/\/eretoulouseouest.fr\/index.php?rest_route=\/wp\/v2\/pages\/25122"}],"wp:attachment":[{"href":"https:\/\/eretoulouseouest.fr\/index.php?rest_route=%2Fwp%2Fv2%2Fmedia&parent=25247"}],"curies":[{"name":"wp","href":"https:\/\/api.w.org\/{rel}","templated":true}]}}