{"id":25261,"date":"2019-02-19T01:48:14","date_gmt":"2019-02-19T00:48:14","guid":{"rendered":"http:\/\/eretoulouseouest.fr\/?page_id=25261"},"modified":"2024-12-01T00:12:00","modified_gmt":"2024-11-30T23:12:00","slug":"nous-rejoindre-le-dimanche","status":"publish","type":"page","link":"https:\/\/eretoulouseouest.fr\/?page_id=25261","title":{"rendered":"Faire un don"},"content":{"rendered":"\n<h3>Si vous souhaitez faire un don \u00e0&nbsp;l\u2019\u00e9glise, vous pouvez le faire :<\/h3>\n\n\n\n<ol><li>Par virement pour l&rsquo;association 1901 \u00ab\u00a0En Parole et en Actes\u00a0\u00bb :\u00a0\u00a0<br><a href=\"http:\/\/eretoulouseouest.fr\/wp-content\/uploads\/2020\/03\/RIB-EGLISE-ERETO.pdf\"><strong>RIB EGLISE ERETO<\/strong><\/a><br><br><\/li><li>Par ch\u00e8que \u00e0 l&rsquo;ordre de \u00ab\u00a0l&rsquo;UNEPREF\u00a0\u00bb (Union Nationale des Eglises R\u00e9form\u00e9es \u00c9vang\u00e9liques de France). Vos dons par ch\u00e8que sont d\u00e9ductibles des imp\u00f4ts \u00e0 hauteur de 67%. Un don de 100\u20ac ne co\u00fbte, apr\u00e8s r\u00e9duction d&rsquo;imp\u00f4t, de 33%.<br><br><\/li><li>En esp\u00e8ces: Pendant l&rsquo;offrande du culte dominical (enveloppe non n\u00e9cessaire).<\/li><\/ol>\n\n\n\n<p><\/p>\n\n\n\n<blockquote class=\"wp-block-quote\"><p>Notre communaut\u00e9 ne vit que des dons.<br>Nous comptons sur votre g\u00e9n\u00e9rosit\u00e9.<\/p><\/blockquote>\n","protected":false},"excerpt":{"rendered":"<div class=\"entry-summary\">\nSi vous souhaitez faire un don \u00e0&nbsp;l\u2019\u00e9glise, vous pouvez le faire : Par virement pour l&rsquo;association 1901 \u00ab\u00a0En Parole et en Actes\u00a0\u00bb :\u00a0\u00a0RIB EGLISE ERETO Par ch\u00e8que \u00e0 l&rsquo;ordre de \u00ab\u00a0l&rsquo;UNEPREF\u00a0\u00bb (Union Nationale des Eglises R\u00e9form\u00e9es \u00c9vang\u00e9liques de France). Vos&hellip;\n<\/div>\n<div class=\"link-more\"><a href=\"https:\/\/eretoulouseouest.fr\/?page_id=25261\" class=\"more-link\">Continue reading<span class=\"screen-reader-text\"> &ldquo;Faire un don&rdquo;<\/span>&hellip;<\/a><\/div>\n","protected":false},"author":2,"featured_media":0,"parent":7342,"menu_order":0,"comment_status":"closed","ping_status":"closed","template":"","meta":[],"_links":{"self":[{"href":"https:\/\/eretoulouseouest.fr\/index.php?rest_route=\/wp\/v2\/pages\/25261"}],"collection":[{"href":"https:\/\/eretoulouseouest.fr\/index.php?rest_route=\/wp\/v2\/pages"}],"about":[{"href":"https:\/\/eretoulouseouest.fr\/index.php?rest_route=\/wp\/v2\/types\/page"}],"author":[{"embeddable":true,"href":"https:\/\/eretoulouseouest.fr\/index.php?rest_route=\/wp\/v2\/users\/2"}],"replies":[{"embeddable":true,"href":"https:\/\/eretoulouseouest.fr\/index.php?rest_route=%2Fwp%2Fv2%2Fcomments&post=25261"}],"version-history":[{"count":26,"href":"https:\/\/eretoulouseouest.fr\/index.php?rest_route=\/wp\/v2\/pages\/25261\/revisions"}],"predecessor-version":[{"id":27054,"href":"https:\/\/eretoulouseouest.fr\/index.php?rest_route=\/wp\/v2\/pages\/25261\/revisions\/27054"}],"up":[{"embeddable":true,"href":"https:\/\/eretoulouseouest.fr\/index.php?rest_route=\/wp\/v2\/pages\/7342"}],"wp:attachment":[{"href":"https:\/\/eretoulouseouest.fr\/index.php?rest_route=%2Fwp%2Fv2%2Fmedia&parent=25261"}],"curies":[{"name":"wp","href":"https:\/\/api.w.org\/{rel}","templated":true}]}}