{"id":25268,"date":"2019-02-19T01:58:04","date_gmt":"2019-02-19T00:58:04","guid":{"rendered":"http:\/\/eretoulouseouest.fr\/?page_id=25268"},"modified":"2024-07-15T14:29:22","modified_gmt":"2024-07-15T12:29:22","slug":"activites","status":"publish","type":"page","link":"https:\/\/eretoulouseouest.fr\/?page_id=25268","title":{"rendered":"Nos activit\u00e9s"},"content":{"rendered":"\n<h2><strong>L\u2019amour de Dieu est merveilleux<\/strong>\u00ab\u00a0<\/h2>\n\n\n\n<blockquote class=\"wp-block-quote\"><p>De loin, l&rsquo;Eternel s\u2019est montr\u00e9 \u00e0 moi: \u00abJe t&rsquo;aime d&rsquo;un amour \u00e9ternel, c&rsquo;est pourquoi je te conserve ma bont\u00e9.<\/p><cite>J\u00e9r\u00e9mie 31: 3<\/cite><\/blockquote>\n\n\n\n<blockquote class=\"wp-block-quote\"><p>Mais voici comment Dieu prouve son amour envers nous: alors que nous \u00e9tions encore des p\u00e9cheurs, Christ est mort pour nous.<\/p><cite>Romans 5:8<\/cite><\/blockquote>\n\n\n\n\t\t\t\t\t\t\t<h3 style=\"margin-bottom:20px;display:block;width:100%;margin-top:10px\">Nos activit\u00e9s <\/h3>\r\n\t\t\t\t\t\t<style>\r\n\t\t\t\t<style>\r\n#wpsm_accordion_26810 .wpsm_panel-heading{\r\n\tpadding:0px !important;\r\n}\r\n#wpsm_accordion_26810 .wpsm_panel-title {\r\n\tmargin:0px !important; \r\n\ttext-transform:none !important;\r\n\tline-height: 1 !important;\r\n}\r\n#wpsm_accordion_26810 .wpsm_panel-title a{\r\n\ttext-decoration:none;\r\n\toverflow:hidden;\r\n\tdisplay:block;\r\n\tpadding:0px;\r\n\tfont-size: 18px !important;\r\n\tfont-family: Open Sans !important;\r\n\tcolor:#ffffff !important;\r\n\tborder-bottom:0px !important;\r\n}\r\n\r\n#wpsm_accordion_26810 .wpsm_panel-title a:focus {\r\noutline: 0px !important;\r\n}\r\n\r\n#wpsm_accordion_26810 .wpsm_panel-title a:hover, #wpsm_accordion_26810 .wpsm_panel-title a:focus {\r\n\tcolor:#ffffff !important;\r\n}\r\n#wpsm_accordion_26810 .acc-a{\r\n\tcolor: #ffffff !important;\r\n\tbackground-color:#a80000 !important;\r\n\tborder-color: #ddd;\r\n}\r\n#wpsm_accordion_26810 .wpsm_panel-default > .wpsm_panel-heading{\r\n\tcolor: #ffffff !important;\r\n\tbackground-color: #a80000 !important;\r\n\tborder-color: #a80000 !important;\r\n\tborder-top-left-radius: 0px;\r\n\tborder-top-right-radius: 0px;\r\n}\r\n#wpsm_accordion_26810 .wpsm_panel-default {\r\n\t\tborder:1px solid transparent !important;\r\n\t}\r\n#wpsm_accordion_26810 {\r\n\tmargin-bottom: 20px;\r\n\toverflow: hidden;\r\n\tfloat: none;\r\n\twidth: 100%;\r\n\tdisplay: block;\r\n}\r\n#wpsm_accordion_26810 .ac_title_class{\r\n\tdisplay: block;\r\n\tpadding-top: 12px;\r\n\tpadding-bottom: 12px;\r\n\tpadding-left: 15px;\r\n\tpadding-right: 15px;\r\n}\r\n#wpsm_accordion_26810  .wpsm_panel {\r\n\toverflow:hidden;\r\n\t-webkit-box-shadow: 0 0px 0px rgba(0, 0, 0, .05);\r\n\tbox-shadow: 0 0px 0px rgba(0, 0, 0, .05);\r\n\t\tborder-radius: 4px;\r\n\t}\r\n#wpsm_accordion_26810  .wpsm_panel + .wpsm_panel {\r\n\t\tmargin-top: 5px;\r\n\t}\r\n#wpsm_accordion_26810  .wpsm_panel-body{\r\n\tbackground-color:#ededed !important;\r\n\tcolor:#000000 !important;\r\n\tborder-top-color: #a80000 !important;\r\n\tfont-size:16px !important;\r\n\tfont-family: Open Sans !important;\r\n\toverflow: hidden;\r\n\t\tborder: 2px solid #a80000 !important;\r\n\t}\r\n\r\n#wpsm_accordion_26810 .ac_open_cl_icon{\r\n\tbackground-color:#a80000 !important;\r\n\tcolor: #ffffff !important;\r\n\tfloat:right !important;\r\n\tpadding-top: 12px !important;\r\n\tpadding-bottom: 12px !important;\r\n\tline-height: 1.0 !important;\r\n\tpadding-left: 15px !important;\r\n\tpadding-right: 15px !important;\r\n\tdisplay: inline-block !important;\r\n}\r\n\r\n\t\t\t\r\n\t\t\t<\/style>\t\r\n\t\t\t<\/style>\r\n\t\t\t<div class=\"wpsm_panel-group\" id=\"wpsm_accordion_26810\" >\r\n\t\t\t\t\t\t\t\t\r\n\t\t\t\t\t<!-- Inner panel Start -->\r\n\t\t\t\t\t<div class=\"wpsm_panel wpsm_panel-default\">\r\n\t\t\t\t\t\t<div class=\"wpsm_panel-heading\" role=\"tab\" >\r\n\t\t\t\t\t\t  <h4 class=\"wpsm_panel-title\">\r\n\t\t\t\t\t\t\t<a  class=\"\"  data-toggle=\"collapse\" data-parent=\"#wpsm_accordion_26810 \" href=\"javascript:void(0)\" data-target=\"#ac_26810_collapse1\" onclick=\"do_resize()\">\r\n\t\t\t\t\t\t\t\t\t\t\t\t\t\t\t\t\t<span class=\"ac_open_cl_icon fa fa-minus\"><\/span>\r\n\t\t\t\t\t\t\t\t\t\r\n\t\t\t\t\t\t\t\t \r\n\t\t\t\t\t\t\t\t<span class=\"ac_title_class\">\r\n\t\t\t\t\t\t\t\t\tCulte du dimanche\t\t\t\t\t\t\t\t<\/span>\r\n\t\t\t\t\t\t\t<\/a>\r\n\t\t\t\t\t\t  <\/h4>\r\n\t\t\t\t\t\t<\/div>\r\n\t\t\t\t\t\t<div id=\"ac_26810_collapse1\" class=\"wpsm_panel-collapse collapse in\"  >\r\n\t\t\t\t\t\t  <div class=\"wpsm_panel-body\">\r\n\t\t\t\t\t\t\t<strong>Chaque dimanche \u00e0 10H30 dans notre \u00e9glise<\/strong> : ouvert \u00e0 tous.\r\nNous louons Dieu par des chants, la pri\u00e8re, en \u00e9coutant la parole de Dieu et <a href=\"http:\/\/eretoulouseouest.fr\/?page_id=25263\">la pr\u00e9dication<\/a>.\r\n\r\nUne fois par mois, le culte se termine par une collation pour un moment convivial, prendre des nouvelles des uns et des autres et accueillir les nouveaux arrivants.\r\n\r\n<strong>D\u2019autres c\u00e9l\u00e9brations sp\u00e9ciales\u00a0 :\u00a0<\/strong>no\u00ebl, p\u00e2ques\u2026\t\t\t\t\t\t  <\/div>\r\n\t\t\t\t\t\t<\/div>\r\n\t\t\t\t\t<\/div>\r\n\t\t\t\t\t<!-- Inner panel End -->\r\n\t\t\t\t\t\r\n\t\t\t\t\t\t\t\t\r\n\t\t\t\t\t<!-- Inner panel Start -->\r\n\t\t\t\t\t<div class=\"wpsm_panel wpsm_panel-default\">\r\n\t\t\t\t\t\t<div class=\"wpsm_panel-heading\" role=\"tab\" >\r\n\t\t\t\t\t\t  <h4 class=\"wpsm_panel-title\">\r\n\t\t\t\t\t\t\t<a  class=\"collapsed\"  data-toggle=\"collapse\" data-parent=\"#wpsm_accordion_26810 \" href=\"javascript:void(0)\" data-target=\"#ac_26810_collapse2\" onclick=\"do_resize()\">\r\n\t\t\t\t\t\t\t\t\t\t\t\t\t\t\t\t\t<span class=\"ac_open_cl_icon fa fa-plus\"><\/span>\r\n\t\t\t\t\t\t\t\t\t\r\n\t\t\t\t\t\t\t\t \r\n\t\t\t\t\t\t\t\t<span class=\"ac_title_class\">\r\n\t\t\t\t\t\t\t\t\tL&#039;Ecole du dimanche pour les enfants\t\t\t\t\t\t\t\t<\/span>\r\n\t\t\t\t\t\t\t<\/a>\r\n\t\t\t\t\t\t  <\/h4>\r\n\t\t\t\t\t\t<\/div>\r\n\t\t\t\t\t\t<div id=\"ac_26810_collapse2\" class=\"wpsm_panel-collapse collapse \"  >\r\n\t\t\t\t\t\t  <div class=\"wpsm_panel-body\">\r\n\t\t\t\t\t\t\t\u2013 Pendant la pr\u00e9dication le dimanche, les enfants de 4 \u00e0 10 ans sont invit\u00e9s \u00e0 rejoindre l'enseignement de l'\u00e9cole du dimanche. Pour les tous petits, il y a \u00e9galement \u00e0 ce moment-l\u00e0 une garderie disponible.\t\t\t\t\t\t  <\/div>\r\n\t\t\t\t\t\t<\/div>\r\n\t\t\t\t\t<\/div>\r\n\t\t\t\t\t<!-- Inner panel End -->\r\n\t\t\t\t\t\r\n\t\t\t\t\t\t\t\t\r\n\t\t\t\t\t<!-- Inner panel Start -->\r\n\t\t\t\t\t<div class=\"wpsm_panel wpsm_panel-default\">\r\n\t\t\t\t\t\t<div class=\"wpsm_panel-heading\" role=\"tab\" >\r\n\t\t\t\t\t\t  <h4 class=\"wpsm_panel-title\">\r\n\t\t\t\t\t\t\t<a  class=\"collapsed\"  data-toggle=\"collapse\" data-parent=\"#wpsm_accordion_26810 \" href=\"javascript:void(0)\" data-target=\"#ac_26810_collapse3\" onclick=\"do_resize()\">\r\n\t\t\t\t\t\t\t\t\t\t\t\t\t\t\t\t\t<span class=\"ac_open_cl_icon fa fa-plus\"><\/span>\r\n\t\t\t\t\t\t\t\t\t\r\n\t\t\t\t\t\t\t\t \r\n\t\t\t\t\t\t\t\t<span class=\"ac_title_class\">\r\n\t\t\t\t\t\t\t\t\tLes jeudis : Partage biblique et r\u00e9union de pri\u00e8re hebdomadaire\t\t\t\t\t\t\t\t<\/span>\r\n\t\t\t\t\t\t\t<\/a>\r\n\t\t\t\t\t\t  <\/h4>\r\n\t\t\t\t\t\t<\/div>\r\n\t\t\t\t\t\t<div id=\"ac_26810_collapse3\" class=\"wpsm_panel-collapse collapse \"  >\r\n\t\t\t\t\t\t  <div class=\"wpsm_panel-body\">\r\n\t\t\t\t\t\t\t<strong>Les jeudis de 20h30 \u00e0 21h30 toutes les semaines \u00a0<\/strong>Venez nous rejoindre pour un moment de partage biblique et une r\u00e9union de pri\u00e8re, chez les GILDARDS ou par visioconf\u00e9rence. Pour plus de renseignement : T\u00e9l\u00e9phonez, 07 70 46 43 64\r\n\t\t\t\t\t\t  <\/div>\r\n\t\t\t\t\t\t<\/div>\r\n\t\t\t\t\t<\/div>\r\n\t\t\t\t\t<!-- Inner panel End -->\r\n\t\t\t\t\t\r\n\t\t\t\t\t\t\t\t\r\n\t\t\t\t\t<!-- Inner panel Start -->\r\n\t\t\t\t\t<div class=\"wpsm_panel wpsm_panel-default\">\r\n\t\t\t\t\t\t<div class=\"wpsm_panel-heading\" role=\"tab\" >\r\n\t\t\t\t\t\t  <h4 class=\"wpsm_panel-title\">\r\n\t\t\t\t\t\t\t<a  class=\"collapsed\"  data-toggle=\"collapse\" data-parent=\"#wpsm_accordion_26810 \" href=\"javascript:void(0)\" data-target=\"#ac_26810_collapse4\" onclick=\"do_resize()\">\r\n\t\t\t\t\t\t\t\t\t\t\t\t\t\t\t\t\t<span class=\"ac_open_cl_icon fa fa-plus\"><\/span>\r\n\t\t\t\t\t\t\t\t\t\r\n\t\t\t\t\t\t\t\t \r\n\t\t\t\t\t\t\t\t<span class=\"ac_title_class\">\r\n\t\t\t\t\t\t\t\t\tTous les mois : Repas fraternels\t\t\t\t\t\t\t\t<\/span>\r\n\t\t\t\t\t\t\t<\/a>\r\n\t\t\t\t\t\t  <\/h4>\r\n\t\t\t\t\t\t<\/div>\r\n\t\t\t\t\t\t<div id=\"ac_26810_collapse4\" class=\"wpsm_panel-collapse collapse \"  >\r\n\t\t\t\t\t\t  <div class=\"wpsm_panel-body\">\r\n\t\t\t\t\t\t\tUne fois par mois apr\u00e8s le culte, tout au long de l\u2019ann\u00e9e nous nous r\u00e9unissons dans la fraternit\u00e9 pour accueillir les nouveaux arrivants et faire grandir l\u2019amiti\u00e9 et la foi en J\u00e9sus-Christ. Les repas fraternels viennent aussi ponctuer des temps marquants de notre foi chr\u00e9tienne (No\u00ebl, P\u00e2ques, Pentc\u00f4te\u2026etc ) ou des rencontres amicales (anniversaires\u2026).\r\n\r\nLieu : au temple de Tournefeuille sur proposition des animateurs ou parfois chez les paroissiens.\t\t\t\t\t\t  <\/div>\r\n\t\t\t\t\t\t<\/div>\r\n\t\t\t\t\t<\/div>\r\n\t\t\t\t\t<!-- Inner panel End -->\r\n\t\t\t\t\t\r\n\t\t\t\t\t\t\t\t\r\n\t\t\t\t\t<!-- Inner panel Start -->\r\n\t\t\t\t\t<div class=\"wpsm_panel wpsm_panel-default\">\r\n\t\t\t\t\t\t<div class=\"wpsm_panel-heading\" role=\"tab\" >\r\n\t\t\t\t\t\t  <h4 class=\"wpsm_panel-title\">\r\n\t\t\t\t\t\t\t<a  class=\"collapsed\"  data-toggle=\"collapse\" data-parent=\"#wpsm_accordion_26810 \" href=\"javascript:void(0)\" data-target=\"#ac_26810_collapse5\" onclick=\"do_resize()\">\r\n\t\t\t\t\t\t\t\t\t\t\t\t\t\t\t\t\t<span class=\"ac_open_cl_icon fa fa-plus\"><\/span>\r\n\t\t\t\t\t\t\t\t\t\r\n\t\t\t\t\t\t\t\t \r\n\t\t\t\t\t\t\t\t<span class=\"ac_title_class\">\r\n\t\t\t\t\t\t\t\t\tCours d&#039;anglais \u00ab SPEAK UP \u00bb\t\t\t\t\t\t\t\t<\/span>\r\n\t\t\t\t\t\t\t<\/a>\r\n\t\t\t\t\t\t  <\/h4>\r\n\t\t\t\t\t\t<\/div>\r\n\t\t\t\t\t\t<div id=\"ac_26810_collapse5\" class=\"wpsm_panel-collapse collapse \"  >\r\n\t\t\t\t\t\t  <div class=\"wpsm_panel-body\">\r\n\t\t\t\t\t\t\tPerfectionnez-vous en anglais avec un professeur natif et d'excellentes comp\u00e9tences p\u00e9dagogiques. Les cours de conversation vous seront propos\u00e9 les mardis de 19h30 \u00e0 20h45, au temple de Tournefeuille \u00e0 partir du 10 SEPTEMBRE, hors mis les vacances scolaires, \r\n\r\n\u00ab SPEAK UP \u00bb : Ouverts \u00e0 tous avec un niveau d\u2019anglais confirm\u00e9 ou interm\u00e9diaire.\r\n\r\n\r\n<strong>25 Eur \/ Trimestre\r\n75 Eur \/ An.<\/strong>\r\n\r\n\r\nPour d\u00e9couvrir une s\u00e9ance, vous s\u2019inscrire ou vous renseigner sur le d\u00e9roulement du cours, t\u00e9l\u00e9phonez au professeur GILDARD: 07 70 46 43 64.\t\t\t\t\t\t  <\/div>\r\n\t\t\t\t\t\t<\/div>\r\n\t\t\t\t\t<\/div>\r\n\t\t\t\t\t<!-- Inner panel End -->\r\n\t\t\t\t\t\r\n\t\t\t\t\t\t\t\t\r\n\t\t\t\t\t<!-- Inner panel Start -->\r\n\t\t\t\t\t<div class=\"wpsm_panel wpsm_panel-default\">\r\n\t\t\t\t\t\t<div class=\"wpsm_panel-heading\" role=\"tab\" >\r\n\t\t\t\t\t\t  <h4 class=\"wpsm_panel-title\">\r\n\t\t\t\t\t\t\t<a  class=\"collapsed\"  data-toggle=\"collapse\" data-parent=\"#wpsm_accordion_26810 \" href=\"javascript:void(0)\" data-target=\"#ac_26810_collapse6\" onclick=\"do_resize()\">\r\n\t\t\t\t\t\t\t\t\t\t\t\t\t\t\t\t\t<span class=\"ac_open_cl_icon fa fa-plus\"><\/span>\r\n\t\t\t\t\t\t\t\t\t\r\n\t\t\t\t\t\t\t\t \r\n\t\t\t\t\t\t\t\t<span class=\"ac_title_class\">\r\n\t\t\t\t\t\t\t\t\tLes Journ\u00e9es de la R\u00e9formation 2-3 novembre 2024\t\t\t\t\t\t\t\t<\/span>\r\n\t\t\t\t\t\t\t<\/a>\r\n\t\t\t\t\t\t  <\/h4>\r\n\t\t\t\t\t\t<\/div>\r\n\t\t\t\t\t\t<div id=\"ac_26810_collapse6\" class=\"wpsm_panel-collapse collapse \"  >\r\n\t\t\t\t\t\t  <div class=\"wpsm_panel-body\">\r\n\t\t\t\t\t\t\tLe th\u00e9matique du weekend est \"la bible seule\" qui fait \u00e9cho \u00e0 l'oeuvre de Martin Luther, le r\u00e9formateur allemand qui a d\u00e9marrer les d\u00e9bats qui ont donn\u00e9 naissance aux \u00e9glises protestantes au 16e si\u00e8cle. Luther insistait que la bible est la seule fondement pour guider la foi et la vie des fid\u00e8les \u00e0 J\u00e9sus-Christ. \r\n\r\nVenez \u00e0 notre soir\u00e9e \"Portes Ouvertes\" samedi \u00e0 partir du 18h00.  Un aperitif convivial vous sera propos\u00e9.  Ensuite vers 19h00, nous passerons dans la grande salle pour \u00e9couter quelques cantiques joyeux et un t\u00e9moignage.  Le moment culminant de la soir\u00e9e sera la conf\u00e9rence du pasteur Lionel Jauvert intitul\u00e9 \"Sola Scriptura, d'une qu\u00eate \u00e0 l'autre.\"    \t\t\t\t\t\t  <\/div>\r\n\t\t\t\t\t\t<\/div>\r\n\t\t\t\t\t<\/div>\r\n\t\t\t\t\t<!-- Inner panel End -->\r\n\t\t\t\t\t\r\n\t\t\t\t\t\t\t\t\r\n\t\t\t\t\t<!-- Inner panel Start -->\r\n\t\t\t\t\t<div class=\"wpsm_panel wpsm_panel-default\">\r\n\t\t\t\t\t\t<div class=\"wpsm_panel-heading\" role=\"tab\" >\r\n\t\t\t\t\t\t  <h4 class=\"wpsm_panel-title\">\r\n\t\t\t\t\t\t\t<a  class=\"collapsed\"  data-toggle=\"collapse\" data-parent=\"#wpsm_accordion_26810 \" href=\"javascript:void(0)\" data-target=\"#ac_26810_collapse7\" onclick=\"do_resize()\">\r\n\t\t\t\t\t\t\t\t\t\t\t\t\t\t\t\t\t<span class=\"ac_open_cl_icon fa fa-plus\"><\/span>\r\n\t\t\t\t\t\t\t\t\t\r\n\t\t\t\t\t\t\t\t \r\n\t\t\t\t\t\t\t\t<span class=\"ac_title_class\">\r\n\t\t\t\t\t\t\t\t\tAteliers pratiques\t\t\t\t\t\t\t\t<\/span>\r\n\t\t\t\t\t\t\t<\/a>\r\n\t\t\t\t\t\t  <\/h4>\r\n\t\t\t\t\t\t<\/div>\r\n\t\t\t\t\t\t<div id=\"ac_26810_collapse7\" class=\"wpsm_panel-collapse collapse \"  >\r\n\t\t\t\t\t\t  <div class=\"wpsm_panel-body\">\r\n\t\t\t\t\t\t\tDes membres de la communaut\u00e9 proposent selon leur profession, comp\u00e9tences\u2026 des ateliers (permanents ou occasionnels).\t\t\t\t\t\t  <\/div>\r\n\t\t\t\t\t\t<\/div>\r\n\t\t\t\t\t<\/div>\r\n\t\t\t\t\t<!-- Inner panel End -->\r\n\t\t\t\t\t\r\n\t\t\t\t\t\t\t<\/div>\r\n\t\t\t\r\n<script type=\"text\/javascript\">\r\n\t\r\n\t\tfunction do_resize(){\r\n\r\n\t\t\tvar width=jQuery( '.wpsm_panel .wpsm_panel-body iframe' ).width();\r\n\t\t\tvar height=jQuery( '.wpsm_panel .wpsm_panel-body iframe' ).height();\r\n\r\n\t\t\tvar toggleSize = true;\r\n\t\t\tjQuery('iframe').animate({\r\n\t\t\t    width: toggleSize ? width : 640,\r\n\t\t\t    height: toggleSize ? height : 360\r\n\t\t\t  }, 250);\r\n\r\n\t\t\t  toggleSize = !toggleSize;\r\n\t\t}\r\n\t\t\r\n<\/script>\t\n\n\n<h2 class=\"weight-300\" style=\"text-align: center;\">&nbsp;<\/h2>\n<p class=\"uppercase\" style=\"text-align: center;\">\n<\/p><p style=\"text-align: center;\"><strong>Retrouvez nos photos souvenir en cliquant ici : <a href=\"http:\/\/eretoulouseouest.fr\/?page_id=25270\">Album<\/a><\/strong>&nbsp;<\/p>\n<p><\/p>","protected":false},"excerpt":{"rendered":"<div class=\"entry-summary\">\nL\u2019amour de Dieu est merveilleux\u00ab\u00a0 De loin, l&rsquo;Eternel s\u2019est montr\u00e9 \u00e0 moi: \u00abJe t&rsquo;aime d&rsquo;un amour \u00e9ternel, c&rsquo;est pourquoi je te conserve ma bont\u00e9. J\u00e9r\u00e9mie 31: 3 Mais voici comment Dieu prouve son amour envers nous: alors que nous \u00e9tions&hellip;\n<\/div>\n","protected":false},"author":2,"featured_media":0,"parent":7043,"menu_order":0,"comment_status":"closed","ping_status":"closed","template":"","meta":[],"_links":{"self":[{"href":"https:\/\/eretoulouseouest.fr\/index.php?rest_route=\/wp\/v2\/pages\/25268"}],"collection":[{"href":"https:\/\/eretoulouseouest.fr\/index.php?rest_route=\/wp\/v2\/pages"}],"about":[{"href":"https:\/\/eretoulouseouest.fr\/index.php?rest_route=\/wp\/v2\/types\/page"}],"author":[{"embeddable":true,"href":"https:\/\/eretoulouseouest.fr\/index.php?rest_route=\/wp\/v2\/users\/2"}],"replies":[{"embeddable":true,"href":"https:\/\/eretoulouseouest.fr\/index.php?rest_route=%2Fwp%2Fv2%2Fcomments&post=25268"}],"version-history":[{"count":37,"href":"https:\/\/eretoulouseouest.fr\/index.php?rest_route=\/wp\/v2\/pages\/25268\/revisions"}],"predecessor-version":[{"id":26962,"href":"https:\/\/eretoulouseouest.fr\/index.php?rest_route=\/wp\/v2\/pages\/25268\/revisions\/26962"}],"up":[{"embeddable":true,"href":"https:\/\/eretoulouseouest.fr\/index.php?rest_route=\/wp\/v2\/pages\/7043"}],"wp:attachment":[{"href":"https:\/\/eretoulouseouest.fr\/index.php?rest_route=%2Fwp%2Fv2%2Fmedia&parent=25268"}],"curies":[{"name":"wp","href":"https:\/\/api.w.org\/{rel}","templated":true}]}}