{"id":25393,"date":"2019-02-23T02:46:29","date_gmt":"2019-02-23T01:46:29","guid":{"rendered":"http:\/\/eretoulouseouest.fr\/?page_id=25393"},"modified":"2020-12-06T18:33:33","modified_gmt":"2020-12-06T17:33:33","slug":"notre-projet","status":"publish","type":"page","link":"https:\/\/eretoulouseouest.fr\/?page_id=25393","title":{"rendered":"Notre projet"},"content":{"rendered":"<h2 style=\"text-align: center;\"><span style=\"color: #993300;\">Une \u00e9glise vivante, centr\u00e9e sur la parole de Dieu<\/span><\/h2>\n<h3 style=\"text-align: center;\"><span style=\"color: #993300;\">dans un partage communautaire<\/span><\/h3>\n\n\n<div class=\"wp-block-image\"><figure class=\"aligncenter size-large\"><img loading=\"lazy\" width=\"450\" height=\"146\" src=\"http:\/\/eretoulouseouest.fr\/wp-content\/uploads\/2020\/12\/unepref-logo.png\" alt=\"\" class=\"wp-image-26762\" srcset=\"https:\/\/eretoulouseouest.fr\/wp-content\/uploads\/2020\/12\/unepref-logo.png 450w, https:\/\/eretoulouseouest.fr\/wp-content\/uploads\/2020\/12\/unepref-logo-300x97.png 300w\" sizes=\"(max-width: 450px) 100vw, 450px\" \/><\/figure><\/div>\n\n\n\n\t\t\t\t\t\t\t<h3 style=\"margin-bottom:20px;display:block;width:100%;margin-top:10px\">Notre projet <\/h3>\r\n\t\t\t\t\t\t<style>\r\n\t\t\t\t<style>\r\n#wpsm_accordion_26802 .wpsm_panel-heading{\r\n\tpadding:0px !important;\r\n}\r\n#wpsm_accordion_26802 .wpsm_panel-title {\r\n\tmargin:0px !important; \r\n\ttext-transform:none !important;\r\n\tline-height: 1 !important;\r\n}\r\n#wpsm_accordion_26802 .wpsm_panel-title a{\r\n\ttext-decoration:none;\r\n\toverflow:hidden;\r\n\tdisplay:block;\r\n\tpadding:0px;\r\n\tfont-size: 18px !important;\r\n\tfont-family: Open Sans !important;\r\n\tcolor:#ffffff !important;\r\n\tborder-bottom:0px !important;\r\n}\r\n\r\n#wpsm_accordion_26802 .wpsm_panel-title a:focus {\r\noutline: 0px !important;\r\n}\r\n\r\n#wpsm_accordion_26802 .wpsm_panel-title a:hover, #wpsm_accordion_26802 .wpsm_panel-title a:focus {\r\n\tcolor:#ffffff !important;\r\n}\r\n#wpsm_accordion_26802 .acc-a{\r\n\tcolor: #ffffff !important;\r\n\tbackground-color:#9e0e09 !important;\r\n\tborder-color: #ddd;\r\n}\r\n#wpsm_accordion_26802 .wpsm_panel-default > .wpsm_panel-heading{\r\n\tcolor: #ffffff !important;\r\n\tbackground-color: #9e0e09 !important;\r\n\tborder-color: #9e0e09 !important;\r\n\tborder-top-left-radius: 0px;\r\n\tborder-top-right-radius: 0px;\r\n}\r\n#wpsm_accordion_26802 .wpsm_panel-default {\r\n\t\tborder:1px solid transparent !important;\r\n\t}\r\n#wpsm_accordion_26802 {\r\n\tmargin-bottom: 20px;\r\n\toverflow: hidden;\r\n\tfloat: none;\r\n\twidth: 100%;\r\n\tdisplay: block;\r\n}\r\n#wpsm_accordion_26802 .ac_title_class{\r\n\tdisplay: block;\r\n\tpadding-top: 12px;\r\n\tpadding-bottom: 12px;\r\n\tpadding-left: 15px;\r\n\tpadding-right: 15px;\r\n}\r\n#wpsm_accordion_26802  .wpsm_panel {\r\n\toverflow:hidden;\r\n\t-webkit-box-shadow: 0 0px 0px rgba(0, 0, 0, .05);\r\n\tbox-shadow: 0 0px 0px rgba(0, 0, 0, .05);\r\n\t\tborder-radius: 4px;\r\n\t}\r\n#wpsm_accordion_26802  .wpsm_panel + .wpsm_panel {\r\n\t\tmargin-top: 5px;\r\n\t}\r\n#wpsm_accordion_26802  .wpsm_panel-body{\r\n\tbackground-color:#f4f4f4 !important;\r\n\tcolor:#000000 !important;\r\n\tborder-top-color: #9e0e09 !important;\r\n\tfont-size:16px !important;\r\n\tfont-family: Open Sans !important;\r\n\toverflow: hidden;\r\n\t\tborder: 2px solid #9e0e09 !important;\r\n\t}\r\n\r\n#wpsm_accordion_26802 .ac_open_cl_icon{\r\n\tbackground-color:#9e0e09 !important;\r\n\tcolor: #ffffff !important;\r\n\tfloat:right !important;\r\n\tpadding-top: 12px !important;\r\n\tpadding-bottom: 12px !important;\r\n\tline-height: 1.0 !important;\r\n\tpadding-left: 15px !important;\r\n\tpadding-right: 15px !important;\r\n\tdisplay: inline-block !important;\r\n}\r\n\r\n\t\t\t\r\n\t\t\t<\/style>\t\r\n\t\t\t<\/style>\r\n\t\t\t<div class=\"wpsm_panel-group\" id=\"wpsm_accordion_26802\" >\r\n\t\t\t\t\t\t\t\t\r\n\t\t\t\t\t<!-- Inner panel Start -->\r\n\t\t\t\t\t<div class=\"wpsm_panel wpsm_panel-default\">\r\n\t\t\t\t\t\t<div class=\"wpsm_panel-heading\" role=\"tab\" >\r\n\t\t\t\t\t\t  <h4 class=\"wpsm_panel-title\">\r\n\t\t\t\t\t\t\t<a  class=\"\"  data-toggle=\"collapse\" data-parent=\"#wpsm_accordion_26802 \" href=\"javascript:void(0)\" data-target=\"#ac_26802_collapse1\" onclick=\"do_resize()\">\r\n\t\t\t\t\t\t\t\t\t\t\t\t\t\t\t\t\t<span class=\"ac_open_cl_icon fa fa-minus\"><\/span>\r\n\t\t\t\t\t\t\t\t\t\r\n\t\t\t\t\t\t\t\t \r\n\t\t\t\t\t\t\t\t<span class=\"ac_title_class\">\r\n\t\t\t\t\t\t\t\t\tD\u00e9claration d\u2019intention\t\t\t\t\t\t\t\t<\/span>\r\n\t\t\t\t\t\t\t<\/a>\r\n\t\t\t\t\t\t  <\/h4>\r\n\t\t\t\t\t\t<\/div>\r\n\t\t\t\t\t\t<div id=\"ac_26802_collapse1\" class=\"wpsm_panel-collapse collapse in\"  >\r\n\t\t\t\t\t\t  <div class=\"wpsm_panel-body\">\r\n\t\t\t\t\t\t\tEn ce d\u00e9but du XXIe si\u00e8cle, nous les Eglises r\u00e9form\u00e9es \u00e9vang\u00e9liques, d\u00e9sirons r\u00e9affirmer notre vocation : En nous r\u00e9f\u00e9rant \u00e0 l\u2019esprit de la R\u00e9forme du XVIe et des r\u00e9veils du XIXe et du d\u00e9but du XXe si\u00e8cle dont nous sommes issus, En renouvelant notre t\u00e9moignage dans la soci\u00e9t\u00e9 par des projets d\u2019\u00e9vang\u00e9lisation, de diaconie et de mission.\t\t\t\t\t\t  <\/div>\r\n\t\t\t\t\t\t<\/div>\r\n\t\t\t\t\t<\/div>\r\n\t\t\t\t\t<!-- Inner panel End -->\r\n\t\t\t\t\t\r\n\t\t\t\t\t\t\t\t\r\n\t\t\t\t\t<!-- Inner panel Start -->\r\n\t\t\t\t\t<div class=\"wpsm_panel wpsm_panel-default\">\r\n\t\t\t\t\t\t<div class=\"wpsm_panel-heading\" role=\"tab\" >\r\n\t\t\t\t\t\t  <h4 class=\"wpsm_panel-title\">\r\n\t\t\t\t\t\t\t<a  class=\"collapsed\"  data-toggle=\"collapse\" data-parent=\"#wpsm_accordion_26802 \" href=\"javascript:void(0)\" data-target=\"#ac_26802_collapse2\" onclick=\"do_resize()\">\r\n\t\t\t\t\t\t\t\t\t\t\t\t\t\t\t\t\t<span class=\"ac_open_cl_icon fa fa-plus\"><\/span>\r\n\t\t\t\t\t\t\t\t\t\r\n\t\t\t\t\t\t\t\t \r\n\t\t\t\t\t\t\t\t<span class=\"ac_title_class\">\r\n\t\t\t\t\t\t\t\t\tNotre identit\u00e9\t\t\t\t\t\t\t\t<\/span>\r\n\t\t\t\t\t\t\t<\/a>\r\n\t\t\t\t\t\t  <\/h4>\r\n\t\t\t\t\t\t<\/div>\r\n\t\t\t\t\t\t<div id=\"ac_26802_collapse2\" class=\"wpsm_panel-collapse collapse \"  >\r\n\t\t\t\t\t\t  <div class=\"wpsm_panel-body\">\r\n\t\t\t\t\t\t\tNous sommes des Eglises r\u00e9form\u00e9es \u00e9vang\u00e9liques ce qui signifie que :\r\n<ul>\r\n \t<li>nous recevons la Bible comme la parole de Dieu et d\u00e9sirons vivre notre foi en conformit\u00e9 avec elle,<\/li>\r\n \t<li>nous reconnaissons dans les grandes confessions chr\u00e9tiennes (Symbole des ap\u00f4tres, Credo de Nic\u00e9e, Confession de foi de la Rochelle et D\u00e9claration de foi de 1872) l\u2019expression toujours actuelle de notre foi,<\/li>\r\n \t<li>nous appelons l\u2019\u00eatre humain \u00e0 la conversion \u00e0 J\u00e9sus-Christ et \u00e0 rendre t\u00e9moignage de l\u2019amour de Dieu en confessant sa foi,<\/li>\r\n \t<li>nous vivons en communaut\u00e9s locales, repr\u00e9sent\u00e9es dans des synodes, selon une Discipline et des orientations th\u00e9ologiques qui pr\u00e9cisent notre identit\u00e9 r\u00e9form\u00e9e.<\/li>\r\n<\/ul>\t\t\t\t\t\t  <\/div>\r\n\t\t\t\t\t\t<\/div>\r\n\t\t\t\t\t<\/div>\r\n\t\t\t\t\t<!-- Inner panel End -->\r\n\t\t\t\t\t\r\n\t\t\t\t\t\t\t\t\r\n\t\t\t\t\t<!-- Inner panel Start -->\r\n\t\t\t\t\t<div class=\"wpsm_panel wpsm_panel-default\">\r\n\t\t\t\t\t\t<div class=\"wpsm_panel-heading\" role=\"tab\" >\r\n\t\t\t\t\t\t  <h4 class=\"wpsm_panel-title\">\r\n\t\t\t\t\t\t\t<a  class=\"collapsed\"  data-toggle=\"collapse\" data-parent=\"#wpsm_accordion_26802 \" href=\"javascript:void(0)\" data-target=\"#ac_26802_collapse3\" onclick=\"do_resize()\">\r\n\t\t\t\t\t\t\t\t\t\t\t\t\t\t\t\t\t<span class=\"ac_open_cl_icon fa fa-plus\"><\/span>\r\n\t\t\t\t\t\t\t\t\t\r\n\t\t\t\t\t\t\t\t \r\n\t\t\t\t\t\t\t\t<span class=\"ac_title_class\">\r\n\t\t\t\t\t\t\t\t\tNotre vision\t\t\t\t\t\t\t\t<\/span>\r\n\t\t\t\t\t\t\t<\/a>\r\n\t\t\t\t\t\t  <\/h4>\r\n\t\t\t\t\t\t<\/div>\r\n\t\t\t\t\t\t<div id=\"ac_26802_collapse3\" class=\"wpsm_panel-collapse collapse \"  >\r\n\t\t\t\t\t\t  <div class=\"wpsm_panel-body\">\r\n\t\t\t\t\t\t\tNous voulons \u00eatre des Eglises port\u00e9es par le message de la gr\u00e2ce et qui encouragent chacun \u00e0 cro\u00eetre dans la foi. Dans ce but, nous agissons pour que nos c\u00e9l\u00e9brations permettent une bonne int\u00e9gration et la participation de tous. Nous insistons sur le v\u00e9cu communautaire comme les temps de pri\u00e8re en commun, l\u2019\u00e9tude de la Bible en groupe et la convivialit\u00e9. Nous invitons chaque membre de nos Eglises \u00e0 d\u00e9velopper les dons qu\u2019il a re\u00e7us et \u00e0 t\u00e9moigner de sa foi \u00e0 l\u2019int\u00e9rieur comme \u00e0 l\u2019ext\u00e9rieur de la communaut\u00e9.\t\t\t\t\t\t  <\/div>\r\n\t\t\t\t\t\t<\/div>\r\n\t\t\t\t\t<\/div>\r\n\t\t\t\t\t<!-- Inner panel End -->\r\n\t\t\t\t\t\r\n\t\t\t\t\t\t\t\t\r\n\t\t\t\t\t<!-- Inner panel Start -->\r\n\t\t\t\t\t<div class=\"wpsm_panel wpsm_panel-default\">\r\n\t\t\t\t\t\t<div class=\"wpsm_panel-heading\" role=\"tab\" >\r\n\t\t\t\t\t\t  <h4 class=\"wpsm_panel-title\">\r\n\t\t\t\t\t\t\t<a  class=\"collapsed\"  data-toggle=\"collapse\" data-parent=\"#wpsm_accordion_26802 \" href=\"javascript:void(0)\" data-target=\"#ac_26802_collapse4\" onclick=\"do_resize()\">\r\n\t\t\t\t\t\t\t\t\t\t\t\t\t\t\t\t\t<span class=\"ac_open_cl_icon fa fa-plus\"><\/span>\r\n\t\t\t\t\t\t\t\t\t\r\n\t\t\t\t\t\t\t\t \r\n\t\t\t\t\t\t\t\t<span class=\"ac_title_class\">\r\n\t\t\t\t\t\t\t\t\tNos engagements\t\t\t\t\t\t\t\t<\/span>\r\n\t\t\t\t\t\t\t<\/a>\r\n\t\t\t\t\t\t  <\/h4>\r\n\t\t\t\t\t\t<\/div>\r\n\t\t\t\t\t\t<div id=\"ac_26802_collapse4\" class=\"wpsm_panel-collapse collapse \"  >\r\n\t\t\t\t\t\t  <div class=\"wpsm_panel-body\">\r\n\t\t\t\t\t\t\t<strong>La formation: <\/strong>\r\nNous proposons des formations bibliques, \u00e9thiques, th\u00e9ologiques ou pratiques aux pasteurs, aux conseillers presbyt\u00e9raux et aux membres des Eglises. <br><br>\r\n\r\n<strong>L\u2019\u00e9vang\u00e9lisation, la diaconie et l\u2019aum\u00f4nerie:<\/strong>\r\nNous encourageons chaque communaut\u00e9 locale \u00e0 faire de l\u2019\u00e9vang\u00e9lisation une priorit\u00e9 et \u00e0 s\u2019engager dans la diaconie comme dans les aum\u00f4neries.<br><br>\r\n\r\n<strong>L\u2019implantation d\u2019Eglises:<\/strong>\r\nNous d\u00e9veloppons des strat\u00e9gies pour implanter de nouvelles Eglises.<br><br>\r\n\r\n<strong>Les relations fraternelles:<\/strong>\r\nNous cherchons \u00e0 vivre des relations fraternelles avec toutes les Eglises chr\u00e9tiennes en France et dans le monde, en particulier avec les diff\u00e9rentes traditions et sensibilit\u00e9s protestantes.<br><br>\r\n\r\n<strong>Le soin de la cr\u00e9ation:<\/strong>\r\nNous cherchons \u00e0 aimer et \u00e0 prendre soin de la cr\u00e9ation pour la gloire et l\u2019honneur du Cr\u00e9ateur en encourageant chaque communaut\u00e9 locale \u00e0 s\u2019impliquer dans des actions de d\u00e9veloppement durable.\t\t\t\t\t\t  <\/div>\r\n\t\t\t\t\t\t<\/div>\r\n\t\t\t\t\t<\/div>\r\n\t\t\t\t\t<!-- Inner panel End -->\r\n\t\t\t\t\t\r\n\t\t\t\t\t\t\t<\/div>\r\n\t\t\t\r\n<script type=\"text\/javascript\">\r\n\t\r\n\t\tfunction do_resize(){\r\n\r\n\t\t\tvar width=jQuery( '.wpsm_panel .wpsm_panel-body iframe' ).width();\r\n\t\t\tvar height=jQuery( '.wpsm_panel .wpsm_panel-body iframe' ).height();\r\n\r\n\t\t\tvar toggleSize = true;\r\n\t\t\tjQuery('iframe').animate({\r\n\t\t\t    width: toggleSize ? width : 640,\r\n\t\t\t    height: toggleSize ? height : 360\r\n\t\t\t  }, 250);\r\n\r\n\t\t\t  toggleSize = !toggleSize;\r\n\t\t}\r\n\t\t\r\n<\/script>\t\n","protected":false},"excerpt":{"rendered":"<div class=\"entry-summary\">\nUne \u00e9glise vivante, centr\u00e9e sur la parole de Dieu dans un partage communautaire\n<\/div>\n","protected":false},"author":2,"featured_media":0,"parent":25122,"menu_order":3,"comment_status":"closed","ping_status":"closed","template":"","meta":[],"_links":{"self":[{"href":"https:\/\/eretoulouseouest.fr\/index.php?rest_route=\/wp\/v2\/pages\/25393"}],"collection":[{"href":"https:\/\/eretoulouseouest.fr\/index.php?rest_route=\/wp\/v2\/pages"}],"about":[{"href":"https:\/\/eretoulouseouest.fr\/index.php?rest_route=\/wp\/v2\/types\/page"}],"author":[{"embeddable":true,"href":"https:\/\/eretoulouseouest.fr\/index.php?rest_route=\/wp\/v2\/users\/2"}],"replies":[{"embeddable":true,"href":"https:\/\/eretoulouseouest.fr\/index.php?rest_route=%2Fwp%2Fv2%2Fcomments&post=25393"}],"version-history":[{"count":13,"href":"https:\/\/eretoulouseouest.fr\/index.php?rest_route=\/wp\/v2\/pages\/25393\/revisions"}],"predecessor-version":[{"id":26805,"href":"https:\/\/eretoulouseouest.fr\/index.php?rest_route=\/wp\/v2\/pages\/25393\/revisions\/26805"}],"up":[{"embeddable":true,"href":"https:\/\/eretoulouseouest.fr\/index.php?rest_route=\/wp\/v2\/pages\/25122"}],"wp:attachment":[{"href":"https:\/\/eretoulouseouest.fr\/index.php?rest_route=%2Fwp%2Fv2%2Fmedia&parent=25393"}],"curies":[{"name":"wp","href":"https:\/\/api.w.org\/{rel}","templated":true}]}}