{"id":27024,"date":"2024-11-30T23:43:01","date_gmt":"2024-11-30T22:43:01","guid":{"rendered":"https:\/\/eretoulouseouest.fr\/?page_id=27024"},"modified":"2024-12-01T00:02:10","modified_gmt":"2024-11-30T23:02:10","slug":"nous-contacter","status":"publish","type":"page","link":"https:\/\/eretoulouseouest.fr\/?page_id=27024","title":{"rendered":"Nous contacter"},"content":{"rendered":"\n<p>Nous serions ravis de vous accompagner ! Retrouvez ici toutes les informations pour nous trouver, nous contacter, demander une Bible gratuite, ou encore prendre rendez-vous avec notre pasteur. Venez \u00e9galement nous rencontrer \u00e0 notre adresse ou rejoignez-nous sur les r\u00e9seaux sociaux. Vous \u00eates les bienvenus !<\/p>\n\n\n\n<h2>Nous trouver<\/h2>\n\n\n\n<figure class=\"wp-block-image size-large is-resized is-style-default\"><img loading=\"lazy\" src=\"http:\/\/eretoulouseouest.fr\/wp-content\/uploads\/2020\/12\/thumbnail-5-2-edited.jpg\" alt=\"\" class=\"wp-image-26718\" width=\"499\" height=\"280.6875\" srcset=\"https:\/\/eretoulouseouest.fr\/wp-content\/uploads\/2020\/12\/thumbnail-5-2-edited.jpg 800w, https:\/\/eretoulouseouest.fr\/wp-content\/uploads\/2020\/12\/thumbnail-5-2-edited-300x169.jpg 300w, https:\/\/eretoulouseouest.fr\/wp-content\/uploads\/2020\/12\/thumbnail-5-2-edited-768x432.jpg 768w\" sizes=\"(max-width: 800px) 100vw, 800px\" \/><\/figure>\n\n\n\n<p><strong>Adresse: 71, ROUTE DE TARBES \u2013 31170 TOURNEFEUILLE<\/strong><\/p>\n\n\n\n<p>ENTRE TOURNEFEUILLE ET PLAISANCE DU TOUCH <br>PROCHE DE : CUGNAUX, TOULOUSE LARDENNES, SAINT LYS, SAINT SIMON, COLOMIERS, LEGUEVIN, CORNEBARRIEU<br><br><strong>PARKINGS DEVANT L\u2019EGLISE ET A PROXIMITE<\/strong><\/p>\n\n\n\n<p><strong>Arr\u00eats de bus: <\/strong>LIGNES : L3 \u2013 48 \u2013 63 <br>\u00ab COLLEGE LABITRIE \u00bb \u00ab GENERAL LECLERC \u00bb<br>Voir :&nbsp;<a href=\"https:\/\/www.tisseo.fr\/plan-interactif\/\">https:\/\/www.tisseo.fr\/plan-interactif\/<\/a><\/p>\n\n\n\n<div class=\"leaflet-map WPLeafletMap\" style=\"height:400px; width:100%;\"><\/div><script>\nwindow.WPLeafletMapPlugin = window.WPLeafletMapPlugin || [];\nwindow.WPLeafletMapPlugin.push(function WPLeafletMapShortcode() {\/*<script>*\/\nvar baseUrl = atob('aHR0cHM6Ly97c30udGlsZS5vcGVuc3RyZWV0bWFwLm9yZy97en0ve3h9L3t5fS5wbmc=');\nvar base = (!baseUrl && window.MQ) ?\n    window.MQ.mapLayer() : L.tileLayer(baseUrl,\n        L.Util.extend({}, {\n            detectRetina: 0,\n        },\n        {\"subdomains\":\"abc\",\"noWrap\":false,\"maxZoom\":20}        )\n    );\n    var options = L.Util.extend({}, {\n        layers: [base],\n        attributionControl: false\n    },\n    {\"zoomControl\":true,\"scrollWheelZoom\":false,\"doubleClickZoom\":false,\"fitBounds\":false,\"minZoom\":0,\"maxZoom\":20,\"maxBounds\":null,\"attribution\":\"<a href=\\\"http:\\\/\\\/leafletjs.com\\\" title=\\\"A JS library for interactive maps\\\">Leaflet<\\\/a>; \\\\r\\\\n\\u00a9 <a href=\\\"http:\\\/\\\/www.openstreetmap.org\\\/copyright\\\">OpenStreetMap<\\\/a> contributors\"},\n    {});\nwindow.WPLeafletMapPlugin.createMap(options).setView([43.57761,1.32717],17);});<\/script>\n\n\n\n<script>\nwindow.WPLeafletMapPlugin = window.WPLeafletMapPlugin || [];\nwindow.WPLeafletMapPlugin.push(function WPLeafletMarkerShortcode() {\/*<script>*\/\nvar map = window.WPLeafletMapPlugin.getCurrentMap();\nvar group = window.WPLeafletMapPlugin.getCurrentGroup();\nvar marker_options = window.WPLeafletMapPlugin.getIconOptions({});\nvar marker = L.marker(\n    [43.578105828688,1.3273286819458],\n    marker_options\n);\nvar is_image = map.is_image_map;\nif (marker_options.draggable) {\n    marker.on('dragend', function () {\n        var latlng = this.getLatLng();\n        var lat = latlng.lat;\n        var lng = latlng.lng;\n        if (is_image) {\n            console.log('leaflet-marker y=' + lat + ' x=' + lng);\n        } else {\n            console.log('leaflet-marker lat=' + lat + ' lng=' + lng);\n        }\n    });\n}\nmarker.addTo( group );\nmarker.bindPopup(window.WPLeafletMapPlugin.unescape('Bienvenue \u00e0 l&amp;rsquo;\u00c9glise Reform\u00e9e \u00c9vang\u00e9lique')).openPopup();window.WPLeafletMapPlugin.markers.push( marker );\n        });<\/script>\n\n\n\n<h2>Nous \u00e9crire<\/h2>\n\n\n\n<p><strong>Des questions sur l&rsquo;\u00e9glise de Tournefeuille, ses activit\u00e9, la Bible\u2026 <br>Des propositions ou le souhait de nous rencontrer ?<\/strong><\/p>\n\n\n\n<p>Ce formulaire est \u00e0 votre disposition et vous permet de joindre les animateurs.<\/p>\n\n\n\n<div class=\"wp-block-contact-form-7-contact-form-selector\">\n<div class=\"wpcf7 no-js\" id=\"wpcf7-f25200-o1\" lang=\"fr-FR\" dir=\"ltr\">\n<div class=\"screen-reader-response\"><p role=\"status\" aria-live=\"polite\" aria-atomic=\"true\"><\/p> <ul><\/ul><\/div>\n<form action=\"\/index.php?rest_route=%2Fwp%2Fv2%2Fpages%2F27024#wpcf7-f25200-o1\" method=\"post\" class=\"wpcf7-form init\" aria-label=\"Formulaire de contact\" novalidate=\"novalidate\" data-status=\"init\">\n<div style=\"display: none;\">\n<input type=\"hidden\" name=\"_wpcf7\" value=\"25200\" \/>\n<input type=\"hidden\" name=\"_wpcf7_version\" value=\"5.7.7\" \/>\n<input type=\"hidden\" name=\"_wpcf7_locale\" value=\"fr_FR\" \/>\n<input type=\"hidden\" name=\"_wpcf7_unit_tag\" value=\"wpcf7-f25200-o1\" \/>\n<input type=\"hidden\" name=\"_wpcf7_container_post\" value=\"0\" \/>\n<input type=\"hidden\" name=\"_wpcf7_posted_data_hash\" value=\"\" \/>\n<\/div>\n<p><label> Votre nom (obligatoire)<br \/>\n<span class=\"wpcf7-form-control-wrap\" data-name=\"your-name\"><input size=\"40\" class=\"wpcf7-form-control wpcf7-text wpcf7-validates-as-required\" aria-required=\"true\" aria-invalid=\"false\" value=\"\" type=\"text\" name=\"your-name\" \/><\/span> <\/label>\n<\/p>\n<p><label> Votre adresse de messagerie (obligatoire)<br \/>\n<span class=\"wpcf7-form-control-wrap\" data-name=\"your-email\"><input size=\"40\" class=\"wpcf7-form-control wpcf7-text wpcf7-email wpcf7-validates-as-required wpcf7-validates-as-email\" aria-required=\"true\" aria-invalid=\"false\" value=\"\" type=\"email\" name=\"your-email\" \/><\/span> <\/label>\n<\/p>\n<p><label> Objet<br \/>\n<span class=\"wpcf7-form-control-wrap\" data-name=\"your-subject\"><input size=\"40\" class=\"wpcf7-form-control wpcf7-text\" aria-invalid=\"false\" value=\"\" type=\"text\" name=\"your-subject\" \/><\/span> <\/label>\n<\/p>\n<p><label> Votre message<br \/>\n<span class=\"wpcf7-form-control-wrap\" data-name=\"your-message\"><textarea cols=\"40\" rows=\"10\" class=\"wpcf7-form-control wpcf7-textarea\" aria-invalid=\"false\" name=\"your-message\"><\/textarea><\/span> <\/label>\n<\/p>\n<p><input class=\"wpcf7-form-control has-spinner wpcf7-submit\" type=\"submit\" value=\"Envoyer\" \/>\n<\/p><div class=\"wpcf7-response-output\" aria-hidden=\"true\"><\/div>\n<\/form>\n<\/div>\n<\/div>\n\n\n\n<p>NB :&nbsp;Les donn\u00e9es \u00e0 caract\u00e8re personnel collect\u00e9es avec votre consentement dans ce formulaire seront utilis\u00e9es uniquement pour r\u00e9pondre \u00e0 votre question en respectant le RGPD.<\/p>\n\n\n\n<h2>Demander une Bible<\/h2>\n\n\n\n<p>Vous souhaitez une Bible ? Demandez-la nous et venez la r\u00e9cup\u00e9rer directement sur place, elle est offerte avec joie !<\/p>\n\n\n\n<h2>Rencontrer un pasteur<\/h2>\n\n\n\n<p>Vous souhaitez \u00e9changer avec notre pasteur ? Que ce soit pour un conseil, une question ou un moment de pri\u00e8re, il sera heureux de vous recevoir. N\u2019h\u00e9sitez pas \u00e0 prendre rendez-vous pour un \u00e9change personnalis\u00e9.<\/p>\n","protected":false},"excerpt":{"rendered":"<div class=\"entry-summary\">\nNous serions ravis de vous accompagner ! Retrouvez ici toutes les informations pour nous trouver, nous contacter, demander une Bible gratuite, ou encore prendre rendez-vous avec notre pasteur. Venez \u00e9galement nous rencontrer \u00e0 notre adresse ou rejoignez-nous sur les r\u00e9seaux&hellip;\n<\/div>\n<div class=\"link-more\"><a href=\"https:\/\/eretoulouseouest.fr\/?page_id=27024\" class=\"more-link\">Continue reading<span class=\"screen-reader-text\"> &ldquo;Nous contacter&rdquo;<\/span>&hellip;<\/a><\/div>\n","protected":false},"author":3,"featured_media":0,"parent":7342,"menu_order":0,"comment_status":"closed","ping_status":"closed","template":"","meta":[],"_links":{"self":[{"href":"https:\/\/eretoulouseouest.fr\/index.php?rest_route=\/wp\/v2\/pages\/27024"}],"collection":[{"href":"https:\/\/eretoulouseouest.fr\/index.php?rest_route=\/wp\/v2\/pages"}],"about":[{"href":"https:\/\/eretoulouseouest.fr\/index.php?rest_route=\/wp\/v2\/types\/page"}],"author":[{"embeddable":true,"href":"https:\/\/eretoulouseouest.fr\/index.php?rest_route=\/wp\/v2\/users\/3"}],"replies":[{"embeddable":true,"href":"https:\/\/eretoulouseouest.fr\/index.php?rest_route=%2Fwp%2Fv2%2Fcomments&post=27024"}],"version-history":[{"count":3,"href":"https:\/\/eretoulouseouest.fr\/index.php?rest_route=\/wp\/v2\/pages\/27024\/revisions"}],"predecessor-version":[{"id":27044,"href":"https:\/\/eretoulouseouest.fr\/index.php?rest_route=\/wp\/v2\/pages\/27024\/revisions\/27044"}],"up":[{"embeddable":true,"href":"https:\/\/eretoulouseouest.fr\/index.php?rest_route=\/wp\/v2\/pages\/7342"}],"wp:attachment":[{"href":"https:\/\/eretoulouseouest.fr\/index.php?rest_route=%2Fwp%2Fv2%2Fmedia&parent=27024"}],"curies":[{"name":"wp","href":"https:\/\/api.w.org\/{rel}","templated":true}]}}