{"id":7342,"date":"2014-04-10T21:22:24","date_gmt":"2014-04-10T19:22:24","guid":{"rendered":"https:\/\/church-event.vamtam.com\/?page_id=7342"},"modified":"2026-04-03T17:02:36","modified_gmt":"2026-04-03T15:02:36","slug":"home-new","status":"publish","type":"page","link":"https:\/\/eretoulouseouest.fr\/","title":{"rendered":"SOYEZ LES BIENVENUS !"},"content":{"rendered":"\n<p class=\"is-style-default\">Notre \u00e9glise protestante et \u00e9vang\u00e9lique vous souhaite une bonne visite sur notre site. Nous esp\u00e9rons que cela vous donnera envie de venir un jour \u00e0 une de nos activit\u00e9s ou \u00e0 prendre contact avec notre pasteur.<br><br>A tr\u00e8s bient\u00f4t !<\/p>\n\n\n\n<div class=\"wp-container-2 wp-block-columns alignfull\">\n<div class=\"wp-container-1 wp-block-column\" style=\"flex-basis:100%\"><div class='white' style='background:rgb(255, 255, 255); border:solid 5px rgb(255, 255, 255); border-radius:0px; padding:0px 0px 0px 0px;'>\n<div id='slider_26851' class='owl-carousel sa_owl_theme owl-pagination-true autohide-arrows' data-slider-id='slider_26851' style='visibility:hidden;'>\n<div id='slider_26851_slide01' class='sa_hover_container' style='padding:5% 5%; margin:0px 0%; background-image:url(&quot;https:\/\/eretoulouseouest.fr\/wp-content\/uploads\/2020\/12\/IMG_4296.jpg&quot;); background-position:center center; background-size:cover; background-repeat:no-repeat; background-color:rgba(0, 0, 0, 0); '><div class='sa_hover_buttons' style='top:50%; left:50%; margin-top:-20px; margin-left:-20px;'><a class='sa_slide_link_icon' href='http:\/\/eretoulouseouest.fr\/?page_id=25263' target='_self' title='' aria-label=''><\/a><\/div>\n<h1>\u00a0<\/h1>\r\n<h1><span style=\"color: #ffffff\"><strong>TOUS LES DIMANCHES \u00c0 10h30<\/strong><\/span><\/h1>\r\n<p>&nbsp;<\/p>\r\n<p>&nbsp;<\/p>\r\n<p><span style=\"color: #ffffff\"><strong><br \/><br \/><\/strong><\/span><\/p><\/div>\n<div id='slider_26851_slide02' class='sa_hover_container' style='padding:5% 5%; margin:0px 0%; background-image:url(&quot;https:\/\/eretoulouseouest.fr\/wp-content\/uploads\/2020\/12\/Activities-1.jpg&quot;); background-position:center center; background-size:cover; background-repeat:no-repeat; '><div class='sa_hover_buttons' style='top:50%; left:50%; margin-top:-20px; margin-left:-20px;'><a class='sa_slide_link_icon' href='http:\/\/eretoulouseouest.fr\/?page_id=25268' target='_self' title='' aria-label=''><\/a><\/div>\n<h1><span style=\"color: #ffffff\">TOUTES NOS ACTIVIT\u00c9S<\/span><\/h1>\r\n<p>&nbsp;<\/p>\r\n<p>&nbsp;<\/p>\r\n<h3><span style=\"color: #ffffff\">TROUVEZ ICI LA LISTE DE NOS ACTIVIT\u00c9S<\/span><\/h3><\/div>\n<div id='slider_26851_slide03' class='sa_hover_container' style='padding:5% 5%; margin:0px 0%; background-image:url(&quot;https:\/\/eretoulouseouest.fr\/wp-content\/uploads\/2022\/07\/IMG_8413-scaled.jpeg&quot;); background-position:left center; background-size:contain; background-repeat:no-repeat; '><div class='sa_hover_buttons' style='top:50%; left:50%; margin-top:-20px; margin-left:-20px;'><a class='sa_slide_link_icon' href='https:\/\/eretoulouseouest.fr\/?page_id=25122' target='_self' title='' aria-label=''><\/a><\/div>\n<h2>\u00a0<\/h2>\r\n<h2 style=\"text-align: center\"><strong>Qui Sommes-Nous ?<\/strong><\/h2><\/div>\n<\/div>\n<\/div>\n<script type='text\/javascript'>\n\tjQuery(document).ready(function() {\n\t\tjQuery('#slider_26851').owlCarousel({\n\t\t\titems : 1,\n\t\t\tanimateOut : 'fadeOut',\n\t\t\tsmartSpeed : 200,\n\t\t\tautoplay : true,\n\t\t\tautoplayTimeout : 5000,\n\t\t\tautoplayHoverPause : true,\n\t\t\tsmartSpeed : 200,\n\t\t\tfluidSpeed : 200,\n\t\t\tautoplaySpeed : 200,\n\t\t\tnavSpeed : 200,\n\t\t\tdotsSpeed : 200,\n\t\t\tdotsEach : 1,\n\t\t\tloop : true,\n\t\t\tnav : true,\n\t\t\tnavText : ['Previous','Next'],\n\t\t\tdots : true,\n\t\t\tresponsiveRefreshRate : 200,\n\t\t\tslideBy : 1,\n\t\t\tmergeFit : true,\n\t\t\tautoHeight : true,\n\t\t\tmouseDrag : false,\n\t\t\ttouchDrag : true\n\t\t});\n\t\tjQuery('#slider_26851').css('visibility', 'visible');\n\t\tsa_resize_slider_26851();\n\t\twindow.addEventListener('resize', sa_resize_slider_26851);\n\t\tfunction sa_resize_slider_26851() {\n\t\t\tvar min_height = '35';\n\t\t\tvar win_width = jQuery(window).width();\n\t\t\tvar slider_width = jQuery('#slider_26851').width();\n\t\t\tif (win_width < 480) {\n\t\t\t\tvar slide_width = slider_width \/ 1;\n\t\t\t} else if (win_width < 768) {\n\t\t\t\tvar slide_width = slider_width \/ 1;\n\t\t\t} else if (win_width < 980) {\n\t\t\t\tvar slide_width = slider_width \/ 1;\n\t\t\t} else if (win_width < 1200) {\n\t\t\t\tvar slide_width = slider_width \/ 1;\n\t\t\t} else if (win_width < 1500) {\n\t\t\t\tvar slide_width = slider_width \/ 1;\n\t\t\t} else {\n\t\t\t\tvar slide_width = slider_width \/ 1;\n\t\t\t}\n\t\t\tslide_width = Math.round(slide_width);\n\t\t\tvar slide_height = '0';\n\t\t\tif (min_height == 'aspect43') {\n\t\t\t\tslide_height = (slide_width \/ 4) * 3;\t\t\t\tslide_height = Math.round(slide_height);\n\t\t\t} else if (min_height == 'aspect169') {\n\t\t\t\tslide_height = (slide_width \/ 16) * 9;\t\t\t\tslide_height = Math.round(slide_height);\n\t\t\t} else {\n\t\t\t\tslide_height = (slide_width \/ 100) * min_height;\t\t\t\tslide_height = Math.round(slide_height);\n\t\t\t}\n\t\t\tjQuery('#slider_26851 .owl-item .sa_hover_container').css('min-height', slide_height+'px');\n\t\t}\n\t\tvar owl_goto = jQuery('#slider_26851');\n\t\tjQuery('.slider_26851_goto1').click(function(event){\n\t\t\towl_goto.trigger('to.owl.carousel', 0);\n\t\t});\n\t\tjQuery('.slider_26851_goto2').click(function(event){\n\t\t\towl_goto.trigger('to.owl.carousel', 1);\n\t\t});\n\t\tjQuery('.slider_26851_goto3').click(function(event){\n\t\t\towl_goto.trigger('to.owl.carousel', 2);\n\t\t});\n\t\tvar resize_26851 = jQuery('.owl-carousel');\n\t\tresize_26851.on('initialized.owl.carousel', function(e) {\n\t\t\tif (typeof(Event) === 'function') {\n\t\t\t\twindow.dispatchEvent(new Event('resize'));\n\t\t\t} else {\n\t\t\t\tvar evt = window.document.createEvent('UIEvents');\n\t\t\t\tevt.initUIEvent('resize', true, false, window, 0);\n\t\t\t\twindow.dispatchEvent(evt);\n\t\t\t}\n\t\t});\n\t});\n<\/script>\n\n<\/div>\n<\/div>\n\n\n\n<h3 class=\"has-text-align-center\">Les Cultes sont uniquement en pr\u00e9sentiel.  <\/h3>\n\n\n\n<figure class=\"wp-block-image size-large\"><img loading=\"lazy\" width=\"724\" height=\"1024\" src=\"https:\/\/eretoulouseouest.fr\/wp-content\/uploads\/2026\/04\/b10a301b-f267-4abd-9f4d-49ec2e3778d9-724x1024.jpg\" alt=\"\" class=\"wp-image-27113\" srcset=\"https:\/\/eretoulouseouest.fr\/wp-content\/uploads\/2026\/04\/b10a301b-f267-4abd-9f4d-49ec2e3778d9-724x1024.jpg 724w, https:\/\/eretoulouseouest.fr\/wp-content\/uploads\/2026\/04\/b10a301b-f267-4abd-9f4d-49ec2e3778d9-212x300.jpg 212w, https:\/\/eretoulouseouest.fr\/wp-content\/uploads\/2026\/04\/b10a301b-f267-4abd-9f4d-49ec2e3778d9-768x1086.jpg 768w, https:\/\/eretoulouseouest.fr\/wp-content\/uploads\/2026\/04\/b10a301b-f267-4abd-9f4d-49ec2e3778d9-1086x1536.jpg 1086w, https:\/\/eretoulouseouest.fr\/wp-content\/uploads\/2026\/04\/b10a301b-f267-4abd-9f4d-49ec2e3778d9.jpg 1414w\" sizes=\"(max-width: 724px) 100vw, 724px\" \/><\/figure>\n\n\n\n<figure class=\"wp-block-image size-large\"><img loading=\"lazy\" width=\"724\" height=\"1024\" src=\"https:\/\/eretoulouseouest.fr\/wp-content\/uploads\/2026\/04\/dPZQ0ocYsW3L-724x1024.jpg\" alt=\"\" class=\"wp-image-27110\" srcset=\"https:\/\/eretoulouseouest.fr\/wp-content\/uploads\/2026\/04\/dPZQ0ocYsW3L-724x1024.jpg 724w, https:\/\/eretoulouseouest.fr\/wp-content\/uploads\/2026\/04\/dPZQ0ocYsW3L-212x300.jpg 212w, https:\/\/eretoulouseouest.fr\/wp-content\/uploads\/2026\/04\/dPZQ0ocYsW3L-768x1086.jpg 768w, https:\/\/eretoulouseouest.fr\/wp-content\/uploads\/2026\/04\/dPZQ0ocYsW3L-1086x1536.jpg 1086w, https:\/\/eretoulouseouest.fr\/wp-content\/uploads\/2026\/04\/dPZQ0ocYsW3L.jpg 1414w\" sizes=\"(max-width: 724px) 100vw, 724px\" \/><\/figure>\n\n\n\n<p><\/p>\n\n\n\n<hr class=\"wp-block-separator has-alpha-channel-opacity\"\/>\n\n\n\n<div class=\"wp-container-4 wp-block-columns\">\n<div class=\"wp-container-3 wp-block-column\"><\/div>\n<\/div>\n\n\n\n<h3 class=\"weight-200 weight-400 font-body\"><span style=\"color: #33cccc;\">Heureux de vous accueillir,&nbsp;<\/span><\/h3>\n\n\n\n<h4 class=\"weight-200 weight-400 font-body\"><span style=\"color: #33cccc;\"><span style=\"color: #000000;\"><strong>Dans notre \u00e9glise chr\u00e9tienne, \u00e0 Tournefeuille, membre de la F\u00e9d\u00e9ration Protestante de France &#8211; FPF&nbsp;<\/strong>qui cherche \u00e0 glorifier Dieu par la pri\u00e8re, l&rsquo;enseignement biblique et l&rsquo;amour du prochain.<\/span><\/span><\/h4>\n\n\n\n<h4 class=\"weight-200 weight-400 font-body\">Profond\u00e9ment attach\u00e9s \u00e0 la bible, nous avons \u00e0 c\u0153ur de diffuser son message, qui est centr\u00e9 sur la personne et l&rsquo;oeuvre de J\u00e9sus-Christ.<\/h4>\n\n\n\n<h4 class=\"weight-200 weight-400 font-body\">Notre \u00e9glise accorde ainsi une place importante \u00e0 la parole de Dieu et la fait vivre au sein de notre communaut\u00e9 chaleureuse anim\u00e9e par l&rsquo;amiti\u00e9, l&rsquo;entraide et le soutien fraternels.<\/h4>\n\n\n\n<h4 class=\"weight-200 weight-400 font-body\"><strong>Au plaisir de vous rencontrer !&nbsp;<\/strong><\/h4>\n\n\n\n<p><\/p>\n","protected":false},"excerpt":{"rendered":"<div class=\"entry-summary\">\nNotre \u00e9glise protestante et \u00e9vang\u00e9lique vous souhaite une bonne visite sur notre site. Nous esp\u00e9rons que cela vous donnera envie de venir un jour \u00e0 une de nos activit\u00e9s ou \u00e0 prendre contact avec notre pasteur. A tr\u00e8s bient\u00f4t !&hellip;\n<\/div>\n<div class=\"link-more\"><a href=\"https:\/\/eretoulouseouest.fr\/\" class=\"more-link\">Continue reading<span class=\"screen-reader-text\"> &ldquo;SOYEZ LES BIENVENUS !&rdquo;<\/span>&hellip;<\/a><\/div>\n","protected":false},"author":2,"featured_media":0,"parent":0,"menu_order":0,"comment_status":"closed","ping_status":"closed","template":"templates\/intro-widgets.php","meta":[],"_links":{"self":[{"href":"https:\/\/eretoulouseouest.fr\/index.php?rest_route=\/wp\/v2\/pages\/7342"}],"collection":[{"href":"https:\/\/eretoulouseouest.fr\/index.php?rest_route=\/wp\/v2\/pages"}],"about":[{"href":"https:\/\/eretoulouseouest.fr\/index.php?rest_route=\/wp\/v2\/types\/page"}],"author":[{"embeddable":true,"href":"https:\/\/eretoulouseouest.fr\/index.php?rest_route=\/wp\/v2\/users\/2"}],"replies":[{"embeddable":true,"href":"https:\/\/eretoulouseouest.fr\/index.php?rest_route=%2Fwp%2Fv2%2Fcomments&post=7342"}],"version-history":[{"count":320,"href":"https:\/\/eretoulouseouest.fr\/index.php?rest_route=\/wp\/v2\/pages\/7342\/revisions"}],"predecessor-version":[{"id":27114,"href":"https:\/\/eretoulouseouest.fr\/index.php?rest_route=\/wp\/v2\/pages\/7342\/revisions\/27114"}],"wp:attachment":[{"href":"https:\/\/eretoulouseouest.fr\/index.php?rest_route=%2Fwp%2Fv2%2Fmedia&parent=7342"}],"curies":[{"name":"wp","href":"https:\/\/api.w.org\/{rel}","templated":true}]}}